{"id":2097,"date":"2021-03-25T08:43:49","date_gmt":"2021-03-25T07:43:49","guid":{"rendered":"http:\/\/spiplay.co.uk\/instalacion\/"},"modified":"2021-03-25T08:51:04","modified_gmt":"2021-03-25T07:51:04","slug":"instalacion","status":"publish","type":"page","link":"https:\/\/spiplay.co.uk\/es\/instalacion\/","title":{"rendered":"INSTALACI\u00d3N"},"content":{"rendered":"\n<style type=\"text\/css\" data-created_by=\"avia_inline_auto\" id=\"style-css-av-kisilonh-35b77fd854bd20bd1a1fd0bff2096ab4\">\n.avia-section.av-kisilonh-35b77fd854bd20bd1a1fd0bff2096ab4{\nbackground-repeat:no-repeat;\nbackground-image:url(https:\/\/spiplay.co.uk\/wp-content\/uploads\/2021\/02\/IMG_1254-edit.jpg);\nbackground-position:50% 50%;\nbackground-attachment:scroll;\n}\n.avia-section.av-kisilonh-35b77fd854bd20bd1a1fd0bff2096ab4 .av-section-color-overlay{\nopacity:0.3;\nbackground-color:#141414;\n}\n<\/style>\n<div id='av_section_1'  class='avia-section av-kisilonh-35b77fd854bd20bd1a1fd0bff2096ab4 main_color avia-section-large avia-no-border-styling  avia-builder-el-0  el_before_av_section  avia-builder-el-first  avia-full-stretch avia-bg-style-scroll av-section-color-overlay-active av-minimum-height av-minimum-height-25 av-height-25  container_wrap fullsize'  data-section-bg-repeat='stretch' data-av_minimum_height_pc='25' data-av_min_height_opt='25'><div class=\"av-section-color-overlay-wrap\"><div class=\"av-section-color-overlay\"><\/div><div class='container av-section-cont-open' ><main  role=\"main\" itemprop=\"mainContentOfPage\"  class='template-page content  av-content-full alpha units'><div class='post-entry post-entry-type-page post-entry-2097'><div class='entry-content-wrapper clearfix'>\n\n<style type=\"text\/css\" data-created_by=\"avia_inline_auto\" id=\"style-css-av-hmgqv-49dbaedfe875d0bc1c8391935ce34af4\">\n.flex_column.av-hmgqv-49dbaedfe875d0bc1c8391935ce34af4{\nborder-radius:0px 0px 0px 0px;\npadding:0px 0px 0px 0px;\n}\n<\/style>\n<div  class='flex_column av-hmgqv-49dbaedfe875d0bc1c8391935ce34af4 av_one_full  avia-builder-el-1  avia-builder-el-no-sibling  first flex_column_div av-zero-column-padding  '     ><style type=\"text\/css\" data-created_by=\"avia_inline_auto\" id=\"style-css-av-klj3nrtu-105a53656615e8a33f5907495afb6502\">\n#top .av-special-heading.av-klj3nrtu-105a53656615e8a33f5907495afb6502{\npadding-bottom:0;\ncolor:#ffffff;\n}\nbody .av-special-heading.av-klj3nrtu-105a53656615e8a33f5907495afb6502 .av-special-heading-tag .heading-char{\nfont-size:25px;\n}\n.av-special-heading.av-klj3nrtu-105a53656615e8a33f5907495afb6502 .special-heading-inner-border{\nborder-color:#ffffff;\n}\n.av-special-heading.av-klj3nrtu-105a53656615e8a33f5907495afb6502 .av-subheading{\nfont-size:15px;\n}\n<\/style>\n<div  class='av-special-heading av-klj3nrtu-105a53656615e8a33f5907495afb6502 av-special-heading-h1 custom-color-heading blockquote modern-quote modern-centered  avia-builder-el-2  avia-builder-el-no-sibling  av-linked-heading'><h1 class='av-special-heading-tag '  itemprop=\"headline\"  >INSTALACI\u00d3N<\/h1><div class=\"special-heading-border\"><div class=\"special-heading-inner-border\"><\/div><\/div><\/div><\/div>\n\n<\/div><\/div><\/main><!-- close content main element --><\/div><\/div><\/div><div id='av_section_2'  class='avia-section av-h9cjs-defcff6abf8ba6cfb795b88905ad100a main_color avia-section-large avia-no-border-styling  avia-builder-el-3  el_after_av_section  el_before_av_section  avia-bg-style-scroll container_wrap fullsize'  ><div class='container av-section-cont-open' ><div class='template-page content  av-content-full alpha units'><div class='post-entry post-entry-type-page post-entry-2097'><div class='entry-content-wrapper clearfix'>\n<div class='flex_column_table av-a7kqw-9600063205c2d25754c4d6037030e976 sc-av_one_full av-equal-height-column-flextable'>\n<style type=\"text\/css\" data-created_by=\"avia_inline_auto\" id=\"style-css-av-a7kqw-9600063205c2d25754c4d6037030e976\">\n.flex_column.av-a7kqw-9600063205c2d25754c4d6037030e976{\nborder-radius:0px 0px 0px 0px;\npadding:0px 0px 0px 0px;\n}\n<\/style>\n<div  class='flex_column av-a7kqw-9600063205c2d25754c4d6037030e976 av_one_full  avia-builder-el-4  el_before_av_one_full  avia-builder-el-first  first flex_column_table_cell av-equal-height-column av-align-middle av-zero-column-padding  '     ><section  class='av_textblock_section av-klj36iny-287fd26253a594c8b0e455ee82d24436 '   itemscope=\"itemscope\" itemtype=\"https:\/\/schema.org\/CreativeWork\" ><div class='avia_textblock'  itemprop=\"text\" ><p>Nuestro equipo formado por m\u00e1s de 100 ingenieros de instalaci\u00f3n nos posibilita dar cobertura en todo el mundo, asegurando que entregamos la instalaci\u00f3n del equipamiento de juego con una alta calidad, as\u00ed como los servicios complementarios. Hemos trabajado con nuestros ingenieros de instalaci\u00f3n durante muchos a\u00f1os y confiamos en su capacidad para instalar su proyecto seg\u00fan lo dise\u00f1ado y con los altos est\u00e1ndares esperados y prometidos.<\/p>\n<\/div><\/section><\/div><\/div><!--close column table wrapper. Autoclose: 1 -->\n<style type=\"text\/css\" data-created_by=\"avia_inline_auto\" id=\"style-css-av-a7kqw-1fbd5680d517efd655a6e4cdcbb68100\">\n.flex_column.av-a7kqw-1fbd5680d517efd655a6e4cdcbb68100{\nborder-radius:0px 0px 0px 0px;\npadding:0 0 0 0;\n}\n<\/style>\n<div  class='flex_column av-a7kqw-1fbd5680d517efd655a6e4cdcbb68100 av_one_full  avia-builder-el-6  el_after_av_one_full  el_before_av_one_full  first flex_column_div av-zero-column-padding  column-top-margin'     ><div id='av-masonry-1' class='av-masonry av-klj3ul5x-24d03e80ffea6c541658ad2edc937bc0 noHover av-fixed-size av-1px-gap av-hover-overlay-active av-masonry-animation-active av-masonry-col-3 av-caption-always av-caption-style- av-masonry-gallery av-medium-columns-overwrite av-medium-columns-3 ' data-post_id=\"2097\"><div class=\"av-masonry-container isotope av-js-disabled\"><div class='av-masonry-entry isotope-item av-masonry-item-no-image '><\/div><a href=\"https:\/\/spiplay.co.uk\/wp-content\/uploads\/2021\/02\/IMG_1239-1030x773.jpg\" data-srcset=\"https:\/\/spiplay.co.uk\/wp-content\/uploads\/2021\/02\/IMG_1239-1030x773.jpg 1030w, https:\/\/spiplay.co.uk\/wp-content\/uploads\/2021\/02\/IMG_1239-300x225.jpg 300w, https:\/\/spiplay.co.uk\/wp-content\/uploads\/2021\/02\/IMG_1239-768x576.jpg 768w, https:\/\/spiplay.co.uk\/wp-content\/uploads\/2021\/02\/IMG_1239-1536x1152.jpg 1536w, https:\/\/spiplay.co.uk\/wp-content\/uploads\/2021\/02\/IMG_1239-2048x1536.jpg 2048w, https:\/\/spiplay.co.uk\/wp-content\/uploads\/2021\/02\/IMG_1239-1500x1125.jpg 1500w, https:\/\/spiplay.co.uk\/wp-content\/uploads\/2021\/02\/IMG_1239-705x529.jpg 705w\" data-sizes=\"(max-width: 1030px) 100vw, 1030px\"  aria-label=\"image image with no title\"  id='av-masonry-1-item-2099' data-av-masonry-item='2099' class='av-masonry-entry isotope-item post-2099 attachment type-attachment status-inherit hentry  av-masonry-item-with-image av-grid-img' title=\"\" alt=\"\"    itemprop=\"thumbnailUrl\" ><div class='av-inner-masonry-sizer'><\/div><figure class='av-inner-masonry main_color'><div class=\"av-masonry-outerimage-container\"><div class='av-masonry-image-container' style=\"background-image: url(https:\/\/spiplay.co.uk\/wp-content\/uploads\/2021\/02\/IMG_1239-705x529.jpg);\" ><\/div><\/div><\/figure><\/a><!--end av-masonry entry--><a href=\"https:\/\/spiplay.co.uk\/wp-content\/uploads\/2021\/02\/IMG_1254-edit-1030x773.jpg\" data-srcset=\"https:\/\/spiplay.co.uk\/wp-content\/uploads\/2021\/02\/IMG_1254-edit-1030x773.jpg 1030w, https:\/\/spiplay.co.uk\/wp-content\/uploads\/2021\/02\/IMG_1254-edit-300x225.jpg 300w, https:\/\/spiplay.co.uk\/wp-content\/uploads\/2021\/02\/IMG_1254-edit-768x576.jpg 768w, https:\/\/spiplay.co.uk\/wp-content\/uploads\/2021\/02\/IMG_1254-edit-1500x1125.jpg 1500w, https:\/\/spiplay.co.uk\/wp-content\/uploads\/2021\/02\/IMG_1254-edit-705x529.jpg 705w, https:\/\/spiplay.co.uk\/wp-content\/uploads\/2021\/02\/IMG_1254-edit.jpg 1512w\" data-sizes=\"(max-width: 1030px) 100vw, 1030px\"  aria-label=\"image image with no title\"  id='av-masonry-1-item-2100' data-av-masonry-item='2100' class='av-masonry-entry isotope-item post-2100 attachment type-attachment status-inherit hentry  av-masonry-item-with-image av-grid-img' title=\"\" alt=\"\"    itemprop=\"thumbnailUrl\" ><div class='av-inner-masonry-sizer'><\/div><figure class='av-inner-masonry main_color'><div class=\"av-masonry-outerimage-container\"><div class='av-masonry-image-container' style=\"background-image: url(https:\/\/spiplay.co.uk\/wp-content\/uploads\/2021\/02\/IMG_1254-edit-705x529.jpg);\" ><\/div><\/div><\/figure><\/a><!--end av-masonry entry--><a href=\"https:\/\/spiplay.co.uk\/wp-content\/uploads\/2021\/02\/IMG_1318-edit-1030x772.jpg\" data-srcset=\"https:\/\/spiplay.co.uk\/wp-content\/uploads\/2021\/02\/IMG_1318-edit-1030x772.jpg 1030w, https:\/\/spiplay.co.uk\/wp-content\/uploads\/2021\/02\/IMG_1318-edit-300x225.jpg 300w, https:\/\/spiplay.co.uk\/wp-content\/uploads\/2021\/02\/IMG_1318-edit-768x576.jpg 768w, https:\/\/spiplay.co.uk\/wp-content\/uploads\/2021\/02\/IMG_1318-edit-705x528.jpg 705w, https:\/\/spiplay.co.uk\/wp-content\/uploads\/2021\/02\/IMG_1318-edit.jpg 1134w\" data-sizes=\"(max-width: 1030px) 100vw, 1030px\"  aria-label=\"image image with no title\"  id='av-masonry-1-item-2101' data-av-masonry-item='2101' class='av-masonry-entry isotope-item post-2101 attachment type-attachment status-inherit hentry  av-masonry-item-with-image av-grid-img' title=\"\" alt=\"\"    itemprop=\"thumbnailUrl\" ><div class='av-inner-masonry-sizer'><\/div><figure class='av-inner-masonry main_color'><div class=\"av-masonry-outerimage-container\"><div class='av-masonry-image-container' style=\"background-image: url(https:\/\/spiplay.co.uk\/wp-content\/uploads\/2021\/02\/IMG_1318-edit-705x528.jpg);\" ><\/div><\/div><\/figure><\/a><!--end av-masonry entry--><\/div><\/div><\/div><div class='flex_column_table av-a7kqw-9600063205c2d25754c4d6037030e976 sc-av_one_full av-equal-height-column-flextable'>\n<style type=\"text\/css\" data-created_by=\"avia_inline_auto\" id=\"style-css-av-a7kqw-9600063205c2d25754c4d6037030e976\">\n.flex_column.av-a7kqw-9600063205c2d25754c4d6037030e976{\nborder-radius:0px 0px 0px 0px;\npadding:0px 0px 0px 0px;\n}\n<\/style>\n<div  class='flex_column av-a7kqw-9600063205c2d25754c4d6037030e976 av_one_full  avia-builder-el-8  el_after_av_one_full  avia-builder-el-last  first flex_column_table_cell av-equal-height-column av-align-middle av-zero-column-padding  column-top-margin'     ><section  class='av_textblock_section av-klj36iny-287fd26253a594c8b0e455ee82d24436 '   itemscope=\"itemscope\" itemtype=\"https:\/\/schema.org\/CreativeWork\" ><div class='avia_textblock'  itemprop=\"text\" ><p>Sabemos que la seguridad es primordial y, por esa raz\u00f3n, es la m\u00e1xima prioridad en nuestra organizaci\u00f3n. Adoptamos un enfoque proactivo de la seguridad al dise\u00f1ar y probar minuciosamente cada producto antes de que se lance a nuestra cartera de productos. No solo utilizamos los \u00faltimos materiales, sino que nuestras instalaciones para la fabricaci\u00f3n tambi\u00e9n est\u00e1n aprobadas seg\u00fan el est\u00e1ndar TUV.<\/p>\n<blockquote>\n<p>Revisamos e invertimos continuamente en nuestras l\u00edneas de productos para asegurarnos de que est\u00e9n optimizadas utilizando las \u00faltimas t\u00e9cnicas de fabricaci\u00f3n, por lo que siempre podemos asegurarle que la calidad y la seguridad son primordiales para nosotros.<\/p>\n<\/blockquote>\n<p>Al dise\u00f1ar, creamos atracciones para nuestros clientes, trabajamos con muchas regulaciones y est\u00e1ndares de seguridad diferentes en todo el mundo, como EN1176 y ASTM. Nuestros expertos comprenden y traducen estos est\u00e1ndares en el dise\u00f1o de nuestras estructuras de juego, asegur\u00e1ndose de que la seguridad permanezca a la vanguardia en nuestras instalaciones. \u00a1Nuestros equipos instaladores trabajan regularmente con los inspectores locales de nuestros clientes para garantizar que nuestras instalaciones est\u00e9n certificadas una vez completadas y listas para usar!<\/p>\n<\/div><\/section><\/div><\/div><!--close column table wrapper. Autoclose: 1 --><\/div><\/div><\/div><!-- close content main div --><\/div><\/div>\n<style type=\"text\/css\" data-created_by=\"avia_inline_auto\" id=\"style-css-av-k2lptw7b-efe5d9b3a864e68fbe58dd9aca4cf00a\">\n.avia-section.av-k2lptw7b-efe5d9b3a864e68fbe58dd9aca4cf00a{\nbackground-color:#211f1f;\nbackground-image:unset;\n}\n<\/style>\n<div id='customfooter'  class='avia-section av-k2lptw7b-efe5d9b3a864e68fbe58dd9aca4cf00a alternate_color avia-section-large avia-no-border-styling  avia-builder-el-10  el_after_av_section  avia-builder-el-last  thecustomfoot avia-bg-style-scroll container_wrap fullsize'  ><div class='container av-section-cont-open' ><div class='template-page content  av-content-full alpha units'><div class='post-entry post-entry-type-page post-entry-2097'><div class='entry-content-wrapper clearfix'>\n\n<style type=\"text\/css\" data-created_by=\"avia_inline_auto\" id=\"style-css-av-lqu-4d4811447de37c967d01fdaf58d51a30\">\n.flex_column.av-lqu-4d4811447de37c967d01fdaf58d51a30{\nborder-radius:0px 0px 0px 0px;\npadding:0px 0px 0px 0px;\n}\n<\/style>\n<div  class='flex_column av-lqu-4d4811447de37c967d01fdaf58d51a30 av_one_third  avia-builder-el-11  el_before_av_two_third  avia-builder-el-first  first flex_column_div av-animated-generic bottom-to-top av-zero-column-padding  '     ><\/div>\n<style type=\"text\/css\" data-created_by=\"avia_inline_auto\" id=\"style-css-av-3rno-ca3a2df5a879dcc0b3ed268cbe3059c5\">\n.flex_column.av-3rno-ca3a2df5a879dcc0b3ed268cbe3059c5{\nborder-radius:0px 0px 0px 0px;\npadding:0px 0px 0px 0px;\n}\n<\/style>\n<div  class='flex_column av-3rno-ca3a2df5a879dcc0b3ed268cbe3059c5 av_two_third  avia-builder-el-13  el_after_av_one_third  avia-builder-el-last  flex_column_div av-animated-generic bottom-to-top av-zero-column-padding  '     ><\/div>\n<\/p>\n","protected":false},"excerpt":{"rendered":"","protected":false},"author":1,"featured_media":0,"parent":0,"menu_order":0,"comment_status":"closed","ping_status":"closed","template":"","meta":{"footnotes":""},"class_list":["post-2097","page","type-page","status-publish","hentry"],"yoast_head":"<!-- This site is optimized with the Yoast SEO plugin v27.6 - https:\/\/yoast.com\/product\/yoast-seo-wordpress\/ -->\n<title>INSTALACI\u00d3N - Indoor Playground Supplier - SPI Global Play UK<\/title>\n<meta name=\"robots\" content=\"index, follow, max-snippet:-1, max-image-preview:large, max-video-preview:-1\" \/>\n<link rel=\"canonical\" href=\"https:\/\/spiplay.co.uk\/es\/instalacion\/\" \/>\n<meta property=\"og:locale\" content=\"es_ES\" \/>\n<meta property=\"og:type\" content=\"article\" \/>\n<meta property=\"og:title\" content=\"INSTALACI\u00d3N - Indoor Playground Supplier - SPI Global Play UK\" \/>\n<meta property=\"og:url\" content=\"https:\/\/spiplay.co.uk\/es\/instalacion\/\" \/>\n<meta property=\"og:site_name\" content=\"Indoor Playground Supplier - SPI Global Play UK\" \/>\n<meta property=\"article:modified_time\" content=\"2021-03-25T07:51:04+00:00\" \/>\n<meta name=\"twitter:card\" content=\"summary_large_image\" \/>\n<meta name=\"twitter:label1\" content=\"Tiempo de lectura\" \/>\n\t<meta name=\"twitter:data1\" content=\"8 minutos\" \/>\n<script type=\"application\/ld+json\" class=\"yoast-schema-graph\">{\"@context\":\"https:\\\/\\\/schema.org\",\"@graph\":[{\"@type\":\"WebPage\",\"@id\":\"https:\\\/\\\/spiplay.co.uk\\\/es\\\/instalacion\\\/\",\"url\":\"https:\\\/\\\/spiplay.co.uk\\\/es\\\/instalacion\\\/\",\"name\":\"INSTALACI\u00d3N - Indoor Playground Supplier - SPI Global Play UK\",\"isPartOf\":{\"@id\":\"https:\\\/\\\/spiplay.co.uk\\\/#website\"},\"datePublished\":\"2021-03-25T07:43:49+00:00\",\"dateModified\":\"2021-03-25T07:51:04+00:00\",\"inLanguage\":\"es\",\"potentialAction\":[{\"@type\":\"ReadAction\",\"target\":[\"https:\\\/\\\/spiplay.co.uk\\\/es\\\/instalacion\\\/\"]}]},{\"@type\":\"WebSite\",\"@id\":\"https:\\\/\\\/spiplay.co.uk\\\/#website\",\"url\":\"https:\\\/\\\/spiplay.co.uk\\\/\",\"name\":\"Indoor Playground Supplier - SPI Global Play UK\",\"description\":\"The Number One Indoor Playground Supplier\",\"potentialAction\":[{\"@type\":\"SearchAction\",\"target\":{\"@type\":\"EntryPoint\",\"urlTemplate\":\"https:\\\/\\\/spiplay.co.uk\\\/?s={search_term_string}\"},\"query-input\":{\"@type\":\"PropertyValueSpecification\",\"valueRequired\":true,\"valueName\":\"search_term_string\"}}],\"inLanguage\":\"es\"}]}<\/script>\n<!-- \/ Yoast SEO plugin. -->","yoast_head_json":{"title":"INSTALACI\u00d3N - Indoor Playground Supplier - SPI Global Play UK","robots":{"index":"index","follow":"follow","max-snippet":"max-snippet:-1","max-image-preview":"max-image-preview:large","max-video-preview":"max-video-preview:-1"},"canonical":"https:\/\/spiplay.co.uk\/es\/instalacion\/","og_locale":"es_ES","og_type":"article","og_title":"INSTALACI\u00d3N - Indoor Playground Supplier - SPI Global Play UK","og_url":"https:\/\/spiplay.co.uk\/es\/instalacion\/","og_site_name":"Indoor Playground Supplier - SPI Global Play UK","article_modified_time":"2021-03-25T07:51:04+00:00","twitter_card":"summary_large_image","twitter_misc":{"Tiempo de lectura":"8 minutos"},"schema":{"@context":"https:\/\/schema.org","@graph":[{"@type":"WebPage","@id":"https:\/\/spiplay.co.uk\/es\/instalacion\/","url":"https:\/\/spiplay.co.uk\/es\/instalacion\/","name":"INSTALACI\u00d3N - Indoor Playground Supplier - SPI Global Play UK","isPartOf":{"@id":"https:\/\/spiplay.co.uk\/#website"},"datePublished":"2021-03-25T07:43:49+00:00","dateModified":"2021-03-25T07:51:04+00:00","inLanguage":"es","potentialAction":[{"@type":"ReadAction","target":["https:\/\/spiplay.co.uk\/es\/instalacion\/"]}]},{"@type":"WebSite","@id":"https:\/\/spiplay.co.uk\/#website","url":"https:\/\/spiplay.co.uk\/","name":"Indoor Playground Supplier - SPI Global Play UK","description":"The Number One Indoor Playground Supplier","potentialAction":[{"@type":"SearchAction","target":{"@type":"EntryPoint","urlTemplate":"https:\/\/spiplay.co.uk\/?s={search_term_string}"},"query-input":{"@type":"PropertyValueSpecification","valueRequired":true,"valueName":"search_term_string"}}],"inLanguage":"es"}]}},"_links":{"self":[{"href":"https:\/\/spiplay.co.uk\/es\/wp-json\/wp\/v2\/pages\/2097","targetHints":{"allow":["GET"]}}],"collection":[{"href":"https:\/\/spiplay.co.uk\/es\/wp-json\/wp\/v2\/pages"}],"about":[{"href":"https:\/\/spiplay.co.uk\/es\/wp-json\/wp\/v2\/types\/page"}],"author":[{"embeddable":true,"href":"https:\/\/spiplay.co.uk\/es\/wp-json\/wp\/v2\/users\/1"}],"replies":[{"embeddable":true,"href":"https:\/\/spiplay.co.uk\/es\/wp-json\/wp\/v2\/comments?post=2097"}],"version-history":[{"count":5,"href":"https:\/\/spiplay.co.uk\/es\/wp-json\/wp\/v2\/pages\/2097\/revisions"}],"predecessor-version":[{"id":2140,"href":"https:\/\/spiplay.co.uk\/es\/wp-json\/wp\/v2\/pages\/2097\/revisions\/2140"}],"wp:attachment":[{"href":"https:\/\/spiplay.co.uk\/es\/wp-json\/wp\/v2\/media?parent=2097"}],"curies":[{"name":"wp","href":"https:\/\/api.w.org\/{rel}","templated":true}]}}