{"id":2104,"date":"2021-03-25T08:44:20","date_gmt":"2021-03-25T07:44:20","guid":{"rendered":"http:\/\/spiplay.co.uk\/sobre-nosotros\/"},"modified":"2021-03-25T08:44:20","modified_gmt":"2021-03-25T07:44:20","slug":"sobre-nosotros","status":"publish","type":"page","link":"https:\/\/spiplay.co.uk\/es\/sobre-nosotros\/","title":{"rendered":"SOBRE NOSOTROS"},"content":{"rendered":"\n<style type=\"text\/css\" data-created_by=\"avia_inline_auto\" id=\"style-css-av-kisilonh-0a3e0412b23c4bc38e900a53fa49f3c1\">\n.avia-section.av-kisilonh-0a3e0412b23c4bc38e900a53fa49f3c1{\nbackground-repeat:no-repeat;\nbackground-image:url(https:\/\/spiplay.co.uk\/wp-content\/uploads\/2021\/02\/3.jpg);\nbackground-position:50% 50%;\nbackground-attachment:scroll;\n}\n.avia-section.av-kisilonh-0a3e0412b23c4bc38e900a53fa49f3c1 .av-section-color-overlay{\nopacity:0.3;\nbackground-color:#141414;\n}\n<\/style>\n<div id='av_section_1'  class='avia-section av-kisilonh-0a3e0412b23c4bc38e900a53fa49f3c1 main_color avia-section-large avia-no-border-styling  avia-builder-el-0  el_before_av_section  avia-builder-el-first  avia-full-stretch avia-bg-style-scroll av-section-color-overlay-active av-minimum-height av-minimum-height-25 av-height-25  container_wrap fullsize'  data-section-bg-repeat='stretch' data-av_minimum_height_pc='25' data-av_min_height_opt='25'><div class=\"av-section-color-overlay-wrap\"><div class=\"av-section-color-overlay\"><\/div><div class='container av-section-cont-open' ><main  role=\"main\" itemprop=\"mainContentOfPage\"  class='template-page content  av-content-full alpha units'><div class='post-entry post-entry-type-page post-entry-2104'><div class='entry-content-wrapper clearfix'>\n\n<style type=\"text\/css\" data-created_by=\"avia_inline_auto\" id=\"style-css-av-hmgqv-49dbaedfe875d0bc1c8391935ce34af4\">\n.flex_column.av-hmgqv-49dbaedfe875d0bc1c8391935ce34af4{\nborder-radius:0px 0px 0px 0px;\npadding:0px 0px 0px 0px;\n}\n<\/style>\n<div  class='flex_column av-hmgqv-49dbaedfe875d0bc1c8391935ce34af4 av_one_full  avia-builder-el-1  avia-builder-el-no-sibling  first flex_column_div av-zero-column-padding  '     ><style type=\"text\/css\" data-created_by=\"avia_inline_auto\" id=\"style-css-av-klj79ki3-42bd0b6b64c14feac09486d11d64462d\">\n#top .av-special-heading.av-klj79ki3-42bd0b6b64c14feac09486d11d64462d{\npadding-bottom:0;\ncolor:#ffffff;\n}\nbody .av-special-heading.av-klj79ki3-42bd0b6b64c14feac09486d11d64462d .av-special-heading-tag .heading-char{\nfont-size:25px;\n}\n.av-special-heading.av-klj79ki3-42bd0b6b64c14feac09486d11d64462d .special-heading-inner-border{\nborder-color:#ffffff;\n}\n.av-special-heading.av-klj79ki3-42bd0b6b64c14feac09486d11d64462d .av-subheading{\nfont-size:15px;\n}\n<\/style>\n<div  class='av-special-heading av-klj79ki3-42bd0b6b64c14feac09486d11d64462d av-special-heading-h1 custom-color-heading blockquote modern-quote modern-centered  avia-builder-el-2  avia-builder-el-no-sibling  av-linked-heading'><h1 class='av-special-heading-tag '  itemprop=\"headline\"  >SOBRE NOSOTROS <\/h1><div class=\"special-heading-border\"><div class=\"special-heading-inner-border\"><\/div><\/div><\/div><\/div>\n\n<\/div><\/div><\/main><!-- close content main element --><\/div><\/div><\/div><div id='av_section_2'  class='avia-section av-kisilonh-3a1f46352293ac852baee8773ef68a23 main_color avia-section-large avia-no-border-styling  avia-builder-el-3  el_after_av_section  el_before_av_section  avia-bg-style-scroll container_wrap fullsize'  ><div class='container av-section-cont-open' ><div class='template-page content  av-content-full alpha units'><div class='post-entry post-entry-type-page post-entry-2104'><div class='entry-content-wrapper clearfix'>\n<div class='flex_column_table av-buq0a-051d424a5e651c724d6c9ce17a7e3ffd sc-av_three_fifth av-equal-height-column-flextable'>\n<style type=\"text\/css\" data-created_by=\"avia_inline_auto\" id=\"style-css-av-buq0a-051d424a5e651c724d6c9ce17a7e3ffd\">\n.flex_column.av-buq0a-051d424a5e651c724d6c9ce17a7e3ffd{\nborder-radius:0px 0px 0px 0px;\npadding:0px 0px 0px 0px;\n}\n<\/style>\n<div  class='flex_column av-buq0a-051d424a5e651c724d6c9ce17a7e3ffd av_three_fifth  avia-builder-el-4  el_before_av_two_fifth  avia-builder-el-first  first flex_column_table_cell av-equal-height-column av-align-middle av-animated-generic right-to-left av-zero-column-padding  '     ><section  class='av_textblock_section av-k2oqc50l-9da8ea19fa07cff7b2050bfc8a7fc2c4 '   itemscope=\"itemscope\" itemtype=\"https:\/\/schema.org\/CreativeWork\" ><div class='avia_textblock'  itemprop=\"text\" ><p>En SPI Global Play UK, estamos orgullosos de ser uno de los proveedores y fabricantes l\u00edderes en el mundo en la industria de juegos de Soft Play interior, con casi 50 a\u00f1os de conocimiento y experiencia, nuestro equipo lidera el camino en t\u00e9rminos de calidad y jugabilidad.<\/p>\n<\/div><\/section><\/div><div class='av-flex-placeholder'><\/div>\n<style type=\"text\/css\" data-created_by=\"avia_inline_auto\" id=\"style-css-av-acmtj-4b60b0b32f9ac854e20af4092f4b799e\">\n.flex_column.av-acmtj-4b60b0b32f9ac854e20af4092f4b799e{\nborder-radius:0px 0px 0px 0px;\npadding:0px 0px 0px 0px;\n}\n<\/style>\n<div  class='flex_column av-acmtj-4b60b0b32f9ac854e20af4092f4b799e av_two_fifth  avia-builder-el-6  el_after_av_three_fifth  el_before_av_hr  flex_column_table_cell av-equal-height-column av-align-middle av-zero-column-padding  '     ><style type=\"text\/css\" data-created_by=\"avia_inline_auto\" id=\"style-css-av-kisipj7e-fe1df0a5ef8e13e83ee3604b243c0c1d\">\n.avia-image-container.av-kisipj7e-fe1df0a5ef8e13e83ee3604b243c0c1d img.avia_image{\nbox-shadow:none;\n}\n.avia-image-container.av-kisipj7e-fe1df0a5ef8e13e83ee3604b243c0c1d .av-image-caption-overlay-center{\ncolor:#ffffff;\n}\n<\/style>\n<div  class='avia-image-container av-kisipj7e-fe1df0a5ef8e13e83ee3604b243c0c1d av-styling- avia-align-center  avia-builder-el-7  avia-builder-el-no-sibling '   itemprop=\"image\" itemscope=\"itemscope\" itemtype=\"https:\/\/schema.org\/ImageObject\" ><div class=\"avia-image-container-inner\"><div class=\"avia-image-overlay-wrap\"><img decoding=\"async\" fetchpriority=\"high\" class='wp-image-2105 avia-img-lazy-loading-not-2105 avia_image ' src=\"https:\/\/spiplay.co.uk\/wp-content\/uploads\/2021\/02\/SPI-About-Us-2-1030x686.jpg\" alt='' title=''  height=\"686\" width=\"1030\"  itemprop=\"thumbnailUrl\" srcset=\"https:\/\/spiplay.co.uk\/wp-content\/uploads\/2021\/02\/SPI-About-Us-2-1030x686.jpg 1030w, https:\/\/spiplay.co.uk\/wp-content\/uploads\/2021\/02\/SPI-About-Us-2-300x200.jpg 300w, https:\/\/spiplay.co.uk\/wp-content\/uploads\/2021\/02\/SPI-About-Us-2-768x512.jpg 768w, https:\/\/spiplay.co.uk\/wp-content\/uploads\/2021\/02\/SPI-About-Us-2-1536x1023.jpg 1536w, https:\/\/spiplay.co.uk\/wp-content\/uploads\/2021\/02\/SPI-About-Us-2-1500x999.jpg 1500w, https:\/\/spiplay.co.uk\/wp-content\/uploads\/2021\/02\/SPI-About-Us-2-705x470.jpg 705w, https:\/\/spiplay.co.uk\/wp-content\/uploads\/2021\/02\/SPI-About-Us-2.jpg 1906w\" sizes=\"(max-width: 1030px) 100vw, 1030px\" \/><\/div><\/div><\/div><\/div><\/div><!--close column table wrapper. Autoclose: 1 -->\n<style type=\"text\/css\" data-created_by=\"avia_inline_auto\" id=\"style-css-av-klkun8jg-e7dee2ab659bfa16a3558b4feb70ea73\">\n#top .hr.hr-invisible.av-klkun8jg-e7dee2ab659bfa16a3558b4feb70ea73{\nheight:40px;\n}\n<\/style>\n<div  class='hr av-klkun8jg-e7dee2ab659bfa16a3558b4feb70ea73 hr-invisible  avia-builder-el-8  el_after_av_two_fifth  el_before_av_one_full '><span class='hr-inner '><span class=\"hr-inner-style\"><\/span><\/span><\/div>\n\n<style type=\"text\/css\" data-created_by=\"avia_inline_auto\" id=\"style-css-av-e5iaf-f9f5015a3635dacddbf75fdec900bf96\">\n.flex_column.av-e5iaf-f9f5015a3635dacddbf75fdec900bf96{\nborder-radius:0px 0px 0px 0px;\npadding:0px 0px 0px 0px;\n}\n<\/style>\n<div  class='flex_column av-e5iaf-f9f5015a3635dacddbf75fdec900bf96 av_one_full  avia-builder-el-9  el_after_av_hr  el_before_av_two_fifth  first flex_column_div av-zero-column-padding  '     ><section  class='av_textblock_section av-klkumkb9-622409cda6e1040f95d2d4a078b749af '   itemscope=\"itemscope\" itemtype=\"https:\/\/schema.org\/CreativeWork\" ><div class='avia_textblock'  itemprop=\"text\" ><blockquote>\n<p>Como empresa con visi\u00f3n de futuro, SPI Global Play busca constantemente formas de mantener a nuestros clientes a la vanguardia. Con una excelente reputaci\u00f3n de calidad e innovaci\u00f3n, nos esforzamos por satisfacer las necesidades y requisitos del futuro.<\/p>\n<\/blockquote>\n<\/div><\/section><\/div><div class='flex_column_table av-acmtj-2eac076e1090bb24049fbfd153a51e27 sc-av_two_fifth av-equal-height-column-flextable'>\n<style type=\"text\/css\" data-created_by=\"avia_inline_auto\" id=\"style-css-av-acmtj-2eac076e1090bb24049fbfd153a51e27\">\n.flex_column.av-acmtj-2eac076e1090bb24049fbfd153a51e27{\nborder-radius:0px 0px 0px 0px;\npadding:0px 0px 0px 0px;\n}\n<\/style>\n<div  class='flex_column av-acmtj-2eac076e1090bb24049fbfd153a51e27 av_two_fifth  avia-builder-el-11  el_after_av_one_full  el_before_av_three_fifth  first flex_column_table_cell av-equal-height-column av-align-middle av-hide-on-mobile av-zero-column-padding  column-top-margin'     ><style type=\"text\/css\" data-created_by=\"avia_inline_auto\" id=\"style-css-av-kisipj7e-594cc170979dec2844352eea745716a2\">\n.avia-image-container.av-kisipj7e-594cc170979dec2844352eea745716a2 img.avia_image{\nbox-shadow:none;\n}\n.avia-image-container.av-kisipj7e-594cc170979dec2844352eea745716a2 .av-image-caption-overlay-center{\ncolor:#ffffff;\n}\n<\/style>\n<div  class='avia-image-container av-kisipj7e-594cc170979dec2844352eea745716a2 av-styling- avia-align-center  avia-builder-el-12  avia-builder-el-no-sibling '   itemprop=\"image\" itemscope=\"itemscope\" itemtype=\"https:\/\/schema.org\/ImageObject\" ><div class=\"avia-image-container-inner\"><div class=\"avia-image-overlay-wrap\"><img decoding=\"async\" fetchpriority=\"high\" class='wp-image-2106 avia-img-lazy-loading-not-2106 avia_image ' src=\"https:\/\/spiplay.co.uk\/wp-content\/uploads\/2021\/02\/SPI-About-Us-6-1030x579.jpg\" alt='' title=''  height=\"579\" width=\"1030\"  itemprop=\"thumbnailUrl\" srcset=\"https:\/\/spiplay.co.uk\/wp-content\/uploads\/2021\/02\/SPI-About-Us-6-1030x579.jpg 1030w, https:\/\/spiplay.co.uk\/wp-content\/uploads\/2021\/02\/SPI-About-Us-6-300x169.jpg 300w, https:\/\/spiplay.co.uk\/wp-content\/uploads\/2021\/02\/SPI-About-Us-6-768x432.jpg 768w, https:\/\/spiplay.co.uk\/wp-content\/uploads\/2021\/02\/SPI-About-Us-6-1536x864.jpg 1536w, https:\/\/spiplay.co.uk\/wp-content\/uploads\/2021\/02\/SPI-About-Us-6-2048x1152.jpg 2048w, https:\/\/spiplay.co.uk\/wp-content\/uploads\/2021\/02\/SPI-About-Us-6-1500x844.jpg 1500w, https:\/\/spiplay.co.uk\/wp-content\/uploads\/2021\/02\/SPI-About-Us-6-705x397.jpg 705w\" sizes=\"(max-width: 1030px) 100vw, 1030px\" \/><\/div><\/div><\/div><\/div><div class='av-flex-placeholder'><\/div>\n<style type=\"text\/css\" data-created_by=\"avia_inline_auto\" id=\"style-css-av-buq0a-48a2f914e4b73df61413303e80452cde\">\n.flex_column.av-buq0a-48a2f914e4b73df61413303e80452cde{\nborder-radius:0px 0px 0px 0px;\npadding:0px 0px 0px 0px;\n}\n<\/style>\n<div  class='flex_column av-buq0a-48a2f914e4b73df61413303e80452cde av_three_fifth  avia-builder-el-13  el_after_av_two_fifth  avia-builder-el-last  flex_column_table_cell av-equal-height-column av-align-middle av-animated-generic right-to-left av-zero-column-padding  column-top-margin'     ><section  class='av_textblock_section av-k2oqc50l-9da8ea19fa07cff7b2050bfc8a7fc2c4 '   itemscope=\"itemscope\" itemtype=\"https:\/\/schema.org\/CreativeWork\" ><div class='avia_textblock'  itemprop=\"text\" ><p>Desde nuestros inicios en 1972, constantemente hemos hecho crecer el negocio en nuevos sectores de la industria del ocio y hemos ampliado nuestro alcance a nuevos mercados geogr\u00e1ficos. Ahora tenemos m\u00e1s de 300 empleados en oficinas y f\u00e1bricas de todo el mundo, lo que nos brinda alcance y cobertura en pr\u00e1cticamente todos los pa\u00edses de la Tierra. SPI Global Play forma parte de Global Leisure Group, que re\u00fane a empresas afines para garantizar que podamos ofrecer soluciones detalladas e integrales en la industria del ocio. Para obtener m\u00e1s informaci\u00f3n sobre esto <a href=\"https:\/\/spiglobalplay.com\/\" target=\"_blank\" rel=\"noopener\">Haga clic aqu\u00ed<\/a><\/p>\n<\/div><\/section><\/div><\/div><!--close column table wrapper. Autoclose: 1 --><\/div><\/div><\/div><!-- close content main div --><\/div><\/div>\n<style type=\"text\/css\" data-created_by=\"avia_inline_auto\" id=\"style-css-av-k2lptw7b-efe5d9b3a864e68fbe58dd9aca4cf00a\">\n.avia-section.av-k2lptw7b-efe5d9b3a864e68fbe58dd9aca4cf00a{\nbackground-color:#211f1f;\nbackground-image:unset;\n}\n<\/style>\n<div id='customfooter'  class='avia-section av-k2lptw7b-efe5d9b3a864e68fbe58dd9aca4cf00a alternate_color avia-section-large avia-no-border-styling  avia-builder-el-15  el_after_av_section  avia-builder-el-last  thecustomfoot avia-bg-style-scroll container_wrap fullsize'  ><div class='container av-section-cont-open' ><div class='template-page content  av-content-full alpha units'><div class='post-entry post-entry-type-page post-entry-2104'><div class='entry-content-wrapper clearfix'>\n\n<style type=\"text\/css\" data-created_by=\"avia_inline_auto\" id=\"style-css-av-lqu-4d4811447de37c967d01fdaf58d51a30\">\n.flex_column.av-lqu-4d4811447de37c967d01fdaf58d51a30{\nborder-radius:0px 0px 0px 0px;\npadding:0px 0px 0px 0px;\n}\n<\/style>\n<div  class='flex_column av-lqu-4d4811447de37c967d01fdaf58d51a30 av_one_third  avia-builder-el-16  el_before_av_two_third  avia-builder-el-first  first flex_column_div av-animated-generic bottom-to-top av-zero-column-padding  '     ><\/div>\n<style type=\"text\/css\" data-created_by=\"avia_inline_auto\" id=\"style-css-av-3rno-ca3a2df5a879dcc0b3ed268cbe3059c5\">\n.flex_column.av-3rno-ca3a2df5a879dcc0b3ed268cbe3059c5{\nborder-radius:0px 0px 0px 0px;\npadding:0px 0px 0px 0px;\n}\n<\/style>\n<div  class='flex_column av-3rno-ca3a2df5a879dcc0b3ed268cbe3059c5 av_two_third  avia-builder-el-18  el_after_av_one_third  avia-builder-el-last  flex_column_div av-animated-generic bottom-to-top av-zero-column-padding  '     ><\/div>\n<\/p>\n","protected":false},"excerpt":{"rendered":"","protected":false},"author":1,"featured_media":0,"parent":0,"menu_order":0,"comment_status":"closed","ping_status":"closed","template":"","meta":{"footnotes":""},"class_list":["post-2104","page","type-page","status-publish","hentry"],"yoast_head":"<!-- This site is optimized with the Yoast SEO plugin v27.4 - https:\/\/yoast.com\/product\/yoast-seo-wordpress\/ -->\n<title>SOBRE NOSOTROS - Indoor Playground Supplier - SPI Global Play UK<\/title>\n<meta name=\"robots\" content=\"index, follow, max-snippet:-1, max-image-preview:large, max-video-preview:-1\" \/>\n<link rel=\"canonical\" href=\"https:\/\/spiplay.co.uk\/es\/sobre-nosotros\/\" \/>\n<meta property=\"og:locale\" content=\"es_ES\" \/>\n<meta property=\"og:type\" content=\"article\" \/>\n<meta property=\"og:title\" content=\"SOBRE NOSOTROS - Indoor Playground Supplier - SPI Global Play UK\" \/>\n<meta property=\"og:url\" content=\"https:\/\/spiplay.co.uk\/es\/sobre-nosotros\/\" \/>\n<meta property=\"og:site_name\" content=\"Indoor Playground Supplier - SPI Global Play UK\" \/>\n<meta property=\"og:image\" content=\"https:\/\/spiplay.co.uk\/wp-content\/uploads\/2019\/11\/Airports.jpg\" \/>\n\t<meta property=\"og:image:width\" content=\"1024\" \/>\n\t<meta property=\"og:image:height\" content=\"768\" \/>\n\t<meta property=\"og:image:type\" content=\"image\/jpeg\" \/>\n<meta name=\"twitter:card\" content=\"summary_large_image\" \/>\n<meta name=\"twitter:label1\" content=\"Tiempo de lectura\" \/>\n\t<meta name=\"twitter:data1\" content=\"10 minutos\" \/>\n<script type=\"application\/ld+json\" class=\"yoast-schema-graph\">{\"@context\":\"https:\\\/\\\/schema.org\",\"@graph\":[{\"@type\":\"WebPage\",\"@id\":\"https:\\\/\\\/spiplay.co.uk\\\/es\\\/sobre-nosotros\\\/\",\"url\":\"https:\\\/\\\/spiplay.co.uk\\\/es\\\/sobre-nosotros\\\/\",\"name\":\"SOBRE NOSOTROS - Indoor Playground Supplier - SPI Global Play UK\",\"isPartOf\":{\"@id\":\"https:\\\/\\\/spiplay.co.uk\\\/#website\"},\"datePublished\":\"2021-03-25T07:44:20+00:00\",\"inLanguage\":\"es\",\"potentialAction\":[{\"@type\":\"ReadAction\",\"target\":[\"https:\\\/\\\/spiplay.co.uk\\\/es\\\/sobre-nosotros\\\/\"]}]},{\"@type\":\"WebSite\",\"@id\":\"https:\\\/\\\/spiplay.co.uk\\\/#website\",\"url\":\"https:\\\/\\\/spiplay.co.uk\\\/\",\"name\":\"Indoor Playground Supplier - SPI Global Play UK\",\"description\":\"The Number One Indoor Playground Supplier\",\"potentialAction\":[{\"@type\":\"SearchAction\",\"target\":{\"@type\":\"EntryPoint\",\"urlTemplate\":\"https:\\\/\\\/spiplay.co.uk\\\/?s={search_term_string}\"},\"query-input\":{\"@type\":\"PropertyValueSpecification\",\"valueRequired\":true,\"valueName\":\"search_term_string\"}}],\"inLanguage\":\"es\"}]}<\/script>\n<!-- \/ Yoast SEO plugin. -->","yoast_head_json":{"title":"SOBRE NOSOTROS - Indoor Playground Supplier - SPI Global Play UK","robots":{"index":"index","follow":"follow","max-snippet":"max-snippet:-1","max-image-preview":"max-image-preview:large","max-video-preview":"max-video-preview:-1"},"canonical":"https:\/\/spiplay.co.uk\/es\/sobre-nosotros\/","og_locale":"es_ES","og_type":"article","og_title":"SOBRE NOSOTROS - Indoor Playground Supplier - SPI Global Play UK","og_url":"https:\/\/spiplay.co.uk\/es\/sobre-nosotros\/","og_site_name":"Indoor Playground Supplier - SPI Global Play UK","og_image":[{"width":1024,"height":768,"url":"https:\/\/spiplay.co.uk\/wp-content\/uploads\/2019\/11\/Airports.jpg","type":"image\/jpeg"}],"twitter_card":"summary_large_image","twitter_misc":{"Tiempo de lectura":"10 minutos"},"schema":{"@context":"https:\/\/schema.org","@graph":[{"@type":"WebPage","@id":"https:\/\/spiplay.co.uk\/es\/sobre-nosotros\/","url":"https:\/\/spiplay.co.uk\/es\/sobre-nosotros\/","name":"SOBRE NOSOTROS - Indoor Playground Supplier - SPI Global Play UK","isPartOf":{"@id":"https:\/\/spiplay.co.uk\/#website"},"datePublished":"2021-03-25T07:44:20+00:00","inLanguage":"es","potentialAction":[{"@type":"ReadAction","target":["https:\/\/spiplay.co.uk\/es\/sobre-nosotros\/"]}]},{"@type":"WebSite","@id":"https:\/\/spiplay.co.uk\/#website","url":"https:\/\/spiplay.co.uk\/","name":"Indoor Playground Supplier - SPI Global Play UK","description":"The Number One Indoor Playground Supplier","potentialAction":[{"@type":"SearchAction","target":{"@type":"EntryPoint","urlTemplate":"https:\/\/spiplay.co.uk\/?s={search_term_string}"},"query-input":{"@type":"PropertyValueSpecification","valueRequired":true,"valueName":"search_term_string"}}],"inLanguage":"es"}]}},"_links":{"self":[{"href":"https:\/\/spiplay.co.uk\/es\/wp-json\/wp\/v2\/pages\/2104","targetHints":{"allow":["GET"]}}],"collection":[{"href":"https:\/\/spiplay.co.uk\/es\/wp-json\/wp\/v2\/pages"}],"about":[{"href":"https:\/\/spiplay.co.uk\/es\/wp-json\/wp\/v2\/types\/page"}],"author":[{"embeddable":true,"href":"https:\/\/spiplay.co.uk\/es\/wp-json\/wp\/v2\/users\/1"}],"replies":[{"embeddable":true,"href":"https:\/\/spiplay.co.uk\/es\/wp-json\/wp\/v2\/comments?post=2104"}],"version-history":[{"count":2,"href":"https:\/\/spiplay.co.uk\/es\/wp-json\/wp\/v2\/pages\/2104\/revisions"}],"predecessor-version":[{"id":2108,"href":"https:\/\/spiplay.co.uk\/es\/wp-json\/wp\/v2\/pages\/2104\/revisions\/2108"}],"wp:attachment":[{"href":"https:\/\/spiplay.co.uk\/es\/wp-json\/wp\/v2\/media?parent=2104"}],"curies":[{"name":"wp","href":"https:\/\/api.w.org\/{rel}","templated":true}]}}