{"id":2009,"date":"2021-03-25T08:24:03","date_gmt":"2021-03-25T07:24:03","guid":{"rendered":"http:\/\/spiplay.co.uk\/a-propos-de-nous\/"},"modified":"2021-03-25T08:24:03","modified_gmt":"2021-03-25T07:24:03","slug":"a-propos-de-nous","status":"publish","type":"page","link":"https:\/\/spiplay.co.uk\/fr\/a-propos-de-nous\/","title":{"rendered":"\u00c0 PROPOS DE NOUS"},"content":{"rendered":"\n<style type=\"text\/css\" data-created_by=\"avia_inline_auto\" id=\"style-css-av-kisilonh-0a3e0412b23c4bc38e900a53fa49f3c1\">\n.avia-section.av-kisilonh-0a3e0412b23c4bc38e900a53fa49f3c1{\nbackground-repeat:no-repeat;\nbackground-image:url(https:\/\/spiplay.co.uk\/wp-content\/uploads\/2021\/02\/3.jpg);\nbackground-position:50% 50%;\nbackground-attachment:scroll;\n}\n.avia-section.av-kisilonh-0a3e0412b23c4bc38e900a53fa49f3c1 .av-section-color-overlay{\nopacity:0.3;\nbackground-color:#141414;\n}\n<\/style>\n<div id='av_section_1'  class='avia-section av-kisilonh-0a3e0412b23c4bc38e900a53fa49f3c1 main_color avia-section-large avia-no-border-styling  avia-builder-el-0  el_before_av_section  avia-builder-el-first  avia-full-stretch avia-bg-style-scroll av-section-color-overlay-active av-minimum-height av-minimum-height-25 av-height-25  container_wrap fullsize'  data-section-bg-repeat='stretch' data-av_minimum_height_pc='25' data-av_min_height_opt='25'><div class=\"av-section-color-overlay-wrap\"><div class=\"av-section-color-overlay\"><\/div><div class='container av-section-cont-open' ><main  role=\"main\" itemprop=\"mainContentOfPage\"  class='template-page content  av-content-full alpha units'><div class='post-entry post-entry-type-page post-entry-2009'><div class='entry-content-wrapper clearfix'>\n\n<style type=\"text\/css\" data-created_by=\"avia_inline_auto\" id=\"style-css-av-hmgqv-49dbaedfe875d0bc1c8391935ce34af4\">\n.flex_column.av-hmgqv-49dbaedfe875d0bc1c8391935ce34af4{\nborder-radius:0px 0px 0px 0px;\npadding:0px 0px 0px 0px;\n}\n<\/style>\n<div  class='flex_column av-hmgqv-49dbaedfe875d0bc1c8391935ce34af4 av_one_full  avia-builder-el-1  avia-builder-el-no-sibling  first flex_column_div av-zero-column-padding  '     ><style type=\"text\/css\" data-created_by=\"avia_inline_auto\" id=\"style-css-av-klj79ki3-94fbc638bbf0e0c9ed0b9a6a34c49cd4\">\n#top .av-special-heading.av-klj79ki3-94fbc638bbf0e0c9ed0b9a6a34c49cd4{\npadding-bottom:0;\ncolor:#ffffff;\n}\nbody .av-special-heading.av-klj79ki3-94fbc638bbf0e0c9ed0b9a6a34c49cd4 .av-special-heading-tag .heading-char{\nfont-size:25px;\n}\n.av-special-heading.av-klj79ki3-94fbc638bbf0e0c9ed0b9a6a34c49cd4 .special-heading-inner-border{\nborder-color:#ffffff;\n}\n.av-special-heading.av-klj79ki3-94fbc638bbf0e0c9ed0b9a6a34c49cd4 .av-subheading{\nfont-size:15px;\n}\n<\/style>\n<div  class='av-special-heading av-klj79ki3-94fbc638bbf0e0c9ed0b9a6a34c49cd4 av-special-heading-h1 custom-color-heading blockquote modern-quote modern-centered  avia-builder-el-2  avia-builder-el-no-sibling  av-linked-heading'><h1 class='av-special-heading-tag '  itemprop=\"headline\"  >\u00c0 PROPOS DE NOUS<\/h1><div class=\"special-heading-border\"><div class=\"special-heading-inner-border\"><\/div><\/div><\/div><\/div>\n\n<\/div><\/div><\/main><!-- close content main element --><\/div><\/div><\/div><div id='av_section_2'  class='avia-section av-kisilonh-3a1f46352293ac852baee8773ef68a23 main_color avia-section-large avia-no-border-styling  avia-builder-el-3  el_after_av_section  el_before_av_section  avia-bg-style-scroll container_wrap fullsize'  ><div class='container av-section-cont-open' ><div class='template-page content  av-content-full alpha units'><div class='post-entry post-entry-type-page post-entry-2009'><div class='entry-content-wrapper clearfix'>\n<div class='flex_column_table av-buq0a-051d424a5e651c724d6c9ce17a7e3ffd sc-av_three_fifth av-equal-height-column-flextable'>\n<style type=\"text\/css\" data-created_by=\"avia_inline_auto\" id=\"style-css-av-buq0a-051d424a5e651c724d6c9ce17a7e3ffd\">\n.flex_column.av-buq0a-051d424a5e651c724d6c9ce17a7e3ffd{\nborder-radius:0px 0px 0px 0px;\npadding:0px 0px 0px 0px;\n}\n<\/style>\n<div  class='flex_column av-buq0a-051d424a5e651c724d6c9ce17a7e3ffd av_three_fifth  avia-builder-el-4  el_before_av_two_fifth  avia-builder-el-first  first flex_column_table_cell av-equal-height-column av-align-middle av-animated-generic right-to-left av-zero-column-padding  '     ><section  class='av_textblock_section av-k2oqc50l-9da8ea19fa07cff7b2050bfc8a7fc2c4 '   itemscope=\"itemscope\" itemtype=\"https:\/\/schema.org\/CreativeWork\" ><div class='avia_textblock'  itemprop=\"text\" ><p>Chez SPI Global Play, nous sommes fiers d\u2019\u00eatre l\u2019un des principaux fabricants mondiaux d\u2019aires de jeux int\u00e9rieurs, avec pr\u00e8s de 50 ans d\u2019exp\u00e9rience, nos \u00e9quipements sont d\u2019une qualit\u00e9 sup\u00e9rieure et offrent une jouabilit\u00e9 sans pr\u00e9c\u00e9dent.<\/p>\n<\/div><\/section><\/div><div class='av-flex-placeholder'><\/div>\n<style type=\"text\/css\" data-created_by=\"avia_inline_auto\" id=\"style-css-av-acmtj-4b60b0b32f9ac854e20af4092f4b799e\">\n.flex_column.av-acmtj-4b60b0b32f9ac854e20af4092f4b799e{\nborder-radius:0px 0px 0px 0px;\npadding:0px 0px 0px 0px;\n}\n<\/style>\n<div  class='flex_column av-acmtj-4b60b0b32f9ac854e20af4092f4b799e av_two_fifth  avia-builder-el-6  el_after_av_three_fifth  el_before_av_hr  flex_column_table_cell av-equal-height-column av-align-middle av-zero-column-padding  '     ><style type=\"text\/css\" data-created_by=\"avia_inline_auto\" id=\"style-css-av-kisipj7e-a40bfb02da6fbe99af61fcc56d8d47d2\">\n.avia-image-container.av-kisipj7e-a40bfb02da6fbe99af61fcc56d8d47d2 img.avia_image{\nbox-shadow:none;\n}\n.avia-image-container.av-kisipj7e-a40bfb02da6fbe99af61fcc56d8d47d2 .av-image-caption-overlay-center{\ncolor:#ffffff;\n}\n<\/style>\n<div  class='avia-image-container av-kisipj7e-a40bfb02da6fbe99af61fcc56d8d47d2 av-styling- avia-align-center  avia-builder-el-7  avia-builder-el-no-sibling '   itemprop=\"image\" itemscope=\"itemscope\" itemtype=\"https:\/\/schema.org\/ImageObject\" ><div class=\"avia-image-container-inner\"><div class=\"avia-image-overlay-wrap\"><img decoding=\"async\" fetchpriority=\"high\" class='wp-image-2010 avia-img-lazy-loading-not-2010 avia_image ' src=\"https:\/\/spiplay.co.uk\/wp-content\/uploads\/2021\/02\/SPI-About-Us-2-1030x686.jpg\" alt='' title=''  height=\"686\" width=\"1030\"  itemprop=\"thumbnailUrl\" srcset=\"https:\/\/spiplay.co.uk\/wp-content\/uploads\/2021\/02\/SPI-About-Us-2-1030x686.jpg 1030w, https:\/\/spiplay.co.uk\/wp-content\/uploads\/2021\/02\/SPI-About-Us-2-300x200.jpg 300w, https:\/\/spiplay.co.uk\/wp-content\/uploads\/2021\/02\/SPI-About-Us-2-768x512.jpg 768w, https:\/\/spiplay.co.uk\/wp-content\/uploads\/2021\/02\/SPI-About-Us-2-1536x1023.jpg 1536w, https:\/\/spiplay.co.uk\/wp-content\/uploads\/2021\/02\/SPI-About-Us-2-1500x999.jpg 1500w, https:\/\/spiplay.co.uk\/wp-content\/uploads\/2021\/02\/SPI-About-Us-2-705x470.jpg 705w, https:\/\/spiplay.co.uk\/wp-content\/uploads\/2021\/02\/SPI-About-Us-2.jpg 1906w\" sizes=\"(max-width: 1030px) 100vw, 1030px\" \/><\/div><\/div><\/div><\/div><\/div><!--close column table wrapper. Autoclose: 1 -->\n<style type=\"text\/css\" data-created_by=\"avia_inline_auto\" id=\"style-css-av-klkun8jg-e7dee2ab659bfa16a3558b4feb70ea73\">\n#top .hr.hr-invisible.av-klkun8jg-e7dee2ab659bfa16a3558b4feb70ea73{\nheight:40px;\n}\n<\/style>\n<div  class='hr av-klkun8jg-e7dee2ab659bfa16a3558b4feb70ea73 hr-invisible  avia-builder-el-8  el_after_av_two_fifth  el_before_av_one_full '><span class='hr-inner '><span class=\"hr-inner-style\"><\/span><\/span><\/div>\n\n<style type=\"text\/css\" data-created_by=\"avia_inline_auto\" id=\"style-css-av-e5iaf-f9f5015a3635dacddbf75fdec900bf96\">\n.flex_column.av-e5iaf-f9f5015a3635dacddbf75fdec900bf96{\nborder-radius:0px 0px 0px 0px;\npadding:0px 0px 0px 0px;\n}\n<\/style>\n<div  class='flex_column av-e5iaf-f9f5015a3635dacddbf75fdec900bf96 av_one_full  avia-builder-el-9  el_after_av_hr  el_before_av_two_fifth  first flex_column_div av-zero-column-padding  '     ><section  class='av_textblock_section av-klkumkb9-622409cda6e1040f95d2d4a078b749af '   itemscope=\"itemscope\" itemtype=\"https:\/\/schema.org\/CreativeWork\" ><div class='avia_textblock'  itemprop=\"text\" ><blockquote>\n<p>En tant qu&rsquo;entreprise innovante, SPI Global Play est constamment \u00e0 la recherche d\u2019id\u00e9es pour garder une longueur d\u2019avance. Forts d&rsquo;une excellente r\u00e9putation en qualit\u00e9 et en innovation, nous r\u00e9pondons aux besoins et aux exigences de demain.<\/p>\n<\/blockquote>\n<\/div><\/section><\/div><div class='flex_column_table av-acmtj-2eac076e1090bb24049fbfd153a51e27 sc-av_two_fifth av-equal-height-column-flextable'>\n<style type=\"text\/css\" data-created_by=\"avia_inline_auto\" id=\"style-css-av-acmtj-2eac076e1090bb24049fbfd153a51e27\">\n.flex_column.av-acmtj-2eac076e1090bb24049fbfd153a51e27{\nborder-radius:0px 0px 0px 0px;\npadding:0px 0px 0px 0px;\n}\n<\/style>\n<div  class='flex_column av-acmtj-2eac076e1090bb24049fbfd153a51e27 av_two_fifth  avia-builder-el-11  el_after_av_one_full  el_before_av_three_fifth  first flex_column_table_cell av-equal-height-column av-align-middle av-hide-on-mobile av-zero-column-padding  column-top-margin'     ><style type=\"text\/css\" data-created_by=\"avia_inline_auto\" id=\"style-css-av-kisipj7e-e8b542381913feb2da61cc0a4c529fc0\">\n.avia-image-container.av-kisipj7e-e8b542381913feb2da61cc0a4c529fc0 img.avia_image{\nbox-shadow:none;\n}\n.avia-image-container.av-kisipj7e-e8b542381913feb2da61cc0a4c529fc0 .av-image-caption-overlay-center{\ncolor:#ffffff;\n}\n<\/style>\n<div  class='avia-image-container av-kisipj7e-e8b542381913feb2da61cc0a4c529fc0 av-styling- avia-align-center  avia-builder-el-12  avia-builder-el-no-sibling '   itemprop=\"image\" itemscope=\"itemscope\" itemtype=\"https:\/\/schema.org\/ImageObject\" ><div class=\"avia-image-container-inner\"><div class=\"avia-image-overlay-wrap\"><img decoding=\"async\" fetchpriority=\"high\" class='wp-image-2011 avia-img-lazy-loading-not-2011 avia_image ' src=\"https:\/\/spiplay.co.uk\/wp-content\/uploads\/2021\/02\/SPI-About-Us-6-1030x579.jpg\" alt='' title=''  height=\"579\" width=\"1030\"  itemprop=\"thumbnailUrl\" srcset=\"https:\/\/spiplay.co.uk\/wp-content\/uploads\/2021\/02\/SPI-About-Us-6-1030x579.jpg 1030w, https:\/\/spiplay.co.uk\/wp-content\/uploads\/2021\/02\/SPI-About-Us-6-300x169.jpg 300w, https:\/\/spiplay.co.uk\/wp-content\/uploads\/2021\/02\/SPI-About-Us-6-768x432.jpg 768w, https:\/\/spiplay.co.uk\/wp-content\/uploads\/2021\/02\/SPI-About-Us-6-1536x864.jpg 1536w, https:\/\/spiplay.co.uk\/wp-content\/uploads\/2021\/02\/SPI-About-Us-6-2048x1152.jpg 2048w, https:\/\/spiplay.co.uk\/wp-content\/uploads\/2021\/02\/SPI-About-Us-6-1500x844.jpg 1500w, https:\/\/spiplay.co.uk\/wp-content\/uploads\/2021\/02\/SPI-About-Us-6-705x397.jpg 705w\" sizes=\"(max-width: 1030px) 100vw, 1030px\" \/><\/div><\/div><\/div><\/div><div class='av-flex-placeholder'><\/div>\n<style type=\"text\/css\" data-created_by=\"avia_inline_auto\" id=\"style-css-av-buq0a-48a2f914e4b73df61413303e80452cde\">\n.flex_column.av-buq0a-48a2f914e4b73df61413303e80452cde{\nborder-radius:0px 0px 0px 0px;\npadding:0px 0px 0px 0px;\n}\n<\/style>\n<div  class='flex_column av-buq0a-48a2f914e4b73df61413303e80452cde av_three_fifth  avia-builder-el-13  el_after_av_two_fifth  avia-builder-el-last  flex_column_table_cell av-equal-height-column av-align-middle av-animated-generic right-to-left av-zero-column-padding  column-top-margin'     ><section  class='av_textblock_section av-k2oqc50l-9da8ea19fa07cff7b2050bfc8a7fc2c4 '   itemscope=\"itemscope\" itemtype=\"https:\/\/schema.org\/CreativeWork\" ><div class='avia_textblock'  itemprop=\"text\" ><p>Depuis notre cr\u00e9ation en 1972, nous avons constamment d\u00e9velopp\u00e9 notre activit\u00e9 gr\u00e2ce aux lancements de nouveaux produits, mais aussi par une expansion g\u00e9ographique r\u00e9guli\u00e8re. Aujourd\u2019hui, SPI Global Play compte plus de 300 employ\u00e9s bas\u00e9s dans diff\u00e9rents pays \u00e0 travers le monde. Ensemble, ils distribuent les produits et services de SPI Global Play dans presque tous les pays de la plan\u00e8te.<br \/>\nSPI Global Play fait d\u00e9sormais partie du \u00ab Global Leisure Group \u00bb, un groupe qui rassemble plusieurs entreprises sp\u00e9cialis\u00e9es dans le secteur du loisir. <a href=\"https:\/\/spiglobalplay.com\/\" target=\"_blank\" rel=\"noopener\">Pour plus d&rsquo;informations \u00e0 ce sujet, cliquez ici.<\/a><\/p>\n<\/div><\/section><\/div><\/div><!--close column table wrapper. Autoclose: 1 --><\/div><\/div><\/div><!-- close content main div --><\/div><\/div>\n<style type=\"text\/css\" data-created_by=\"avia_inline_auto\" id=\"style-css-av-k2lptw7b-efe5d9b3a864e68fbe58dd9aca4cf00a\">\n.avia-section.av-k2lptw7b-efe5d9b3a864e68fbe58dd9aca4cf00a{\nbackground-color:#211f1f;\nbackground-image:unset;\n}\n<\/style>\n<div id='customfooter'  class='avia-section av-k2lptw7b-efe5d9b3a864e68fbe58dd9aca4cf00a alternate_color avia-section-large avia-no-border-styling  avia-builder-el-15  el_after_av_section  avia-builder-el-last  thecustomfoot avia-bg-style-scroll container_wrap fullsize'  ><div class='container av-section-cont-open' ><div class='template-page content  av-content-full alpha units'><div class='post-entry post-entry-type-page post-entry-2009'><div class='entry-content-wrapper clearfix'>\n\n<style type=\"text\/css\" data-created_by=\"avia_inline_auto\" id=\"style-css-av-lqu-4d4811447de37c967d01fdaf58d51a30\">\n.flex_column.av-lqu-4d4811447de37c967d01fdaf58d51a30{\nborder-radius:0px 0px 0px 0px;\npadding:0px 0px 0px 0px;\n}\n<\/style>\n<div  class='flex_column av-lqu-4d4811447de37c967d01fdaf58d51a30 av_one_third  avia-builder-el-16  el_before_av_two_third  avia-builder-el-first  first flex_column_div av-animated-generic bottom-to-top av-zero-column-padding  '     ><\/div>\n<style type=\"text\/css\" data-created_by=\"avia_inline_auto\" id=\"style-css-av-3rno-ca3a2df5a879dcc0b3ed268cbe3059c5\">\n.flex_column.av-3rno-ca3a2df5a879dcc0b3ed268cbe3059c5{\nborder-radius:0px 0px 0px 0px;\npadding:0px 0px 0px 0px;\n}\n<\/style>\n<div  class='flex_column av-3rno-ca3a2df5a879dcc0b3ed268cbe3059c5 av_two_third  avia-builder-el-18  el_after_av_one_third  avia-builder-el-last  flex_column_div av-animated-generic bottom-to-top av-zero-column-padding  '     ><\/div>\n<\/p>\n","protected":false},"excerpt":{"rendered":"","protected":false},"author":1,"featured_media":0,"parent":0,"menu_order":0,"comment_status":"closed","ping_status":"closed","template":"","meta":{"footnotes":""},"class_list":["post-2009","page","type-page","status-publish","hentry"],"yoast_head":"<!-- This site is optimized with the Yoast SEO plugin v27.5 - https:\/\/yoast.com\/product\/yoast-seo-wordpress\/ -->\n<title>\u00c0 PROPOS DE NOUS - Indoor Playground Supplier - SPI Global Play UK<\/title>\n<meta name=\"robots\" content=\"index, follow, max-snippet:-1, max-image-preview:large, max-video-preview:-1\" \/>\n<link rel=\"canonical\" href=\"https:\/\/spiplay.co.uk\/fr\/a-propos-de-nous\/\" \/>\n<meta property=\"og:locale\" content=\"fr_FR\" \/>\n<meta property=\"og:type\" content=\"article\" \/>\n<meta property=\"og:title\" content=\"\u00c0 PROPOS DE NOUS - Indoor Playground Supplier - SPI Global Play UK\" \/>\n<meta property=\"og:url\" content=\"https:\/\/spiplay.co.uk\/fr\/a-propos-de-nous\/\" \/>\n<meta property=\"og:site_name\" content=\"Indoor Playground Supplier - SPI Global Play UK\" \/>\n<meta property=\"og:image\" content=\"https:\/\/spiplay.co.uk\/wp-content\/uploads\/2019\/11\/Airports.jpg\" \/>\n\t<meta property=\"og:image:width\" content=\"1024\" \/>\n\t<meta property=\"og:image:height\" content=\"768\" \/>\n\t<meta property=\"og:image:type\" content=\"image\/jpeg\" \/>\n<meta name=\"twitter:card\" content=\"summary_large_image\" \/>\n<meta name=\"twitter:label1\" content=\"Dur\u00e9e de lecture estim\u00e9e\" \/>\n\t<meta name=\"twitter:data1\" content=\"10 minutes\" \/>\n<script type=\"application\/ld+json\" class=\"yoast-schema-graph\">{\"@context\":\"https:\\\/\\\/schema.org\",\"@graph\":[{\"@type\":\"WebPage\",\"@id\":\"https:\\\/\\\/spiplay.co.uk\\\/fr\\\/a-propos-de-nous\\\/\",\"url\":\"https:\\\/\\\/spiplay.co.uk\\\/fr\\\/a-propos-de-nous\\\/\",\"name\":\"\u00c0 PROPOS DE NOUS - Indoor Playground Supplier - SPI Global Play UK\",\"isPartOf\":{\"@id\":\"https:\\\/\\\/spiplay.co.uk\\\/#website\"},\"datePublished\":\"2021-03-25T07:24:03+00:00\",\"inLanguage\":\"fr-FR\",\"potentialAction\":[{\"@type\":\"ReadAction\",\"target\":[\"https:\\\/\\\/spiplay.co.uk\\\/fr\\\/a-propos-de-nous\\\/\"]}]},{\"@type\":\"WebSite\",\"@id\":\"https:\\\/\\\/spiplay.co.uk\\\/#website\",\"url\":\"https:\\\/\\\/spiplay.co.uk\\\/\",\"name\":\"Indoor Playground Supplier - SPI Global Play UK\",\"description\":\"The Number One Indoor Playground Supplier\",\"potentialAction\":[{\"@type\":\"SearchAction\",\"target\":{\"@type\":\"EntryPoint\",\"urlTemplate\":\"https:\\\/\\\/spiplay.co.uk\\\/?s={search_term_string}\"},\"query-input\":{\"@type\":\"PropertyValueSpecification\",\"valueRequired\":true,\"valueName\":\"search_term_string\"}}],\"inLanguage\":\"fr-FR\"}]}<\/script>\n<!-- \/ Yoast SEO plugin. -->","yoast_head_json":{"title":"\u00c0 PROPOS DE NOUS - Indoor Playground Supplier - SPI Global Play UK","robots":{"index":"index","follow":"follow","max-snippet":"max-snippet:-1","max-image-preview":"max-image-preview:large","max-video-preview":"max-video-preview:-1"},"canonical":"https:\/\/spiplay.co.uk\/fr\/a-propos-de-nous\/","og_locale":"fr_FR","og_type":"article","og_title":"\u00c0 PROPOS DE NOUS - Indoor Playground Supplier - SPI Global Play UK","og_url":"https:\/\/spiplay.co.uk\/fr\/a-propos-de-nous\/","og_site_name":"Indoor Playground Supplier - SPI Global Play UK","og_image":[{"width":1024,"height":768,"url":"https:\/\/spiplay.co.uk\/wp-content\/uploads\/2019\/11\/Airports.jpg","type":"image\/jpeg"}],"twitter_card":"summary_large_image","twitter_misc":{"Dur\u00e9e de lecture estim\u00e9e":"10 minutes"},"schema":{"@context":"https:\/\/schema.org","@graph":[{"@type":"WebPage","@id":"https:\/\/spiplay.co.uk\/fr\/a-propos-de-nous\/","url":"https:\/\/spiplay.co.uk\/fr\/a-propos-de-nous\/","name":"\u00c0 PROPOS DE NOUS - Indoor Playground Supplier - SPI Global Play UK","isPartOf":{"@id":"https:\/\/spiplay.co.uk\/#website"},"datePublished":"2021-03-25T07:24:03+00:00","inLanguage":"fr-FR","potentialAction":[{"@type":"ReadAction","target":["https:\/\/spiplay.co.uk\/fr\/a-propos-de-nous\/"]}]},{"@type":"WebSite","@id":"https:\/\/spiplay.co.uk\/#website","url":"https:\/\/spiplay.co.uk\/","name":"Indoor Playground Supplier - SPI Global Play UK","description":"The Number One Indoor Playground Supplier","potentialAction":[{"@type":"SearchAction","target":{"@type":"EntryPoint","urlTemplate":"https:\/\/spiplay.co.uk\/?s={search_term_string}"},"query-input":{"@type":"PropertyValueSpecification","valueRequired":true,"valueName":"search_term_string"}}],"inLanguage":"fr-FR"}]}},"_links":{"self":[{"href":"https:\/\/spiplay.co.uk\/fr\/wp-json\/wp\/v2\/pages\/2009","targetHints":{"allow":["GET"]}}],"collection":[{"href":"https:\/\/spiplay.co.uk\/fr\/wp-json\/wp\/v2\/pages"}],"about":[{"href":"https:\/\/spiplay.co.uk\/fr\/wp-json\/wp\/v2\/types\/page"}],"author":[{"embeddable":true,"href":"https:\/\/spiplay.co.uk\/fr\/wp-json\/wp\/v2\/users\/1"}],"replies":[{"embeddable":true,"href":"https:\/\/spiplay.co.uk\/fr\/wp-json\/wp\/v2\/comments?post=2009"}],"version-history":[{"count":2,"href":"https:\/\/spiplay.co.uk\/fr\/wp-json\/wp\/v2\/pages\/2009\/revisions"}],"predecessor-version":[{"id":2014,"href":"https:\/\/spiplay.co.uk\/fr\/wp-json\/wp\/v2\/pages\/2009\/revisions\/2014"}],"wp:attachment":[{"href":"https:\/\/spiplay.co.uk\/fr\/wp-json\/wp\/v2\/media?parent=2009"}],"curies":[{"name":"wp","href":"https:\/\/api.w.org\/{rel}","templated":true}]}}