{"id":2035,"date":"2021-03-25T08:27:40","date_gmt":"2021-03-25T07:27:40","guid":{"rendered":"http:\/\/spiplay.co.uk\/installation\/"},"modified":"2021-03-25T08:27:41","modified_gmt":"2021-03-25T07:27:41","slug":"installation","status":"publish","type":"page","link":"https:\/\/spiplay.co.uk\/fr\/installation\/","title":{"rendered":"Installation"},"content":{"rendered":"\n<style type=\"text\/css\" data-created_by=\"avia_inline_auto\" id=\"style-css-av-kisilonh-35b77fd854bd20bd1a1fd0bff2096ab4\">\n.avia-section.av-kisilonh-35b77fd854bd20bd1a1fd0bff2096ab4{\nbackground-repeat:no-repeat;\nbackground-image:url(https:\/\/spiplay.co.uk\/wp-content\/uploads\/2021\/02\/IMG_1254-edit.jpg);\nbackground-position:50% 50%;\nbackground-attachment:scroll;\n}\n.avia-section.av-kisilonh-35b77fd854bd20bd1a1fd0bff2096ab4 .av-section-color-overlay{\nopacity:0.3;\nbackground-color:#141414;\n}\n<\/style>\n<div id='av_section_1'  class='avia-section av-kisilonh-35b77fd854bd20bd1a1fd0bff2096ab4 main_color avia-section-large avia-no-border-styling  avia-builder-el-0  el_before_av_section  avia-builder-el-first  avia-full-stretch avia-bg-style-scroll av-section-color-overlay-active av-minimum-height av-minimum-height-25 av-height-25  container_wrap fullsize'  data-section-bg-repeat='stretch' data-av_minimum_height_pc='25' data-av_min_height_opt='25'><div class=\"av-section-color-overlay-wrap\"><div class=\"av-section-color-overlay\"><\/div><div class='container av-section-cont-open' ><main  role=\"main\" itemprop=\"mainContentOfPage\"  class='template-page content  av-content-full alpha units'><div class='post-entry post-entry-type-page post-entry-2035'><div class='entry-content-wrapper clearfix'>\n\n<style type=\"text\/css\" data-created_by=\"avia_inline_auto\" id=\"style-css-av-hmgqv-49dbaedfe875d0bc1c8391935ce34af4\">\n.flex_column.av-hmgqv-49dbaedfe875d0bc1c8391935ce34af4{\nborder-radius:0px 0px 0px 0px;\npadding:0px 0px 0px 0px;\n}\n<\/style>\n<div  class='flex_column av-hmgqv-49dbaedfe875d0bc1c8391935ce34af4 av_one_full  avia-builder-el-1  avia-builder-el-no-sibling  first flex_column_div av-zero-column-padding  '     ><style type=\"text\/css\" data-created_by=\"avia_inline_auto\" id=\"style-css-av-klj3nrtu-2a2abeb5db7704539930db95f8ad6ef5\">\n#top .av-special-heading.av-klj3nrtu-2a2abeb5db7704539930db95f8ad6ef5{\npadding-bottom:0;\ncolor:#ffffff;\n}\nbody .av-special-heading.av-klj3nrtu-2a2abeb5db7704539930db95f8ad6ef5 .av-special-heading-tag .heading-char{\nfont-size:25px;\n}\n.av-special-heading.av-klj3nrtu-2a2abeb5db7704539930db95f8ad6ef5 .special-heading-inner-border{\nborder-color:#ffffff;\n}\n.av-special-heading.av-klj3nrtu-2a2abeb5db7704539930db95f8ad6ef5 .av-subheading{\nfont-size:15px;\n}\n<\/style>\n<div  class='av-special-heading av-klj3nrtu-2a2abeb5db7704539930db95f8ad6ef5 av-special-heading-h1 custom-color-heading blockquote modern-quote modern-centered  avia-builder-el-2  avia-builder-el-no-sibling  av-linked-heading'><h1 class='av-special-heading-tag '  itemprop=\"headline\"  >Installation<\/h1><div class=\"special-heading-border\"><div class=\"special-heading-inner-border\"><\/div><\/div><\/div><\/div>\n\n<\/div><\/div><\/main><!-- close content main element --><\/div><\/div><\/div><div id='av_section_2'  class='avia-section av-h9cjs-defcff6abf8ba6cfb795b88905ad100a main_color avia-section-large avia-no-border-styling  avia-builder-el-3  el_after_av_section  el_before_av_section  avia-bg-style-scroll container_wrap fullsize'  ><div class='container av-section-cont-open' ><div class='template-page content  av-content-full alpha units'><div class='post-entry post-entry-type-page post-entry-2035'><div class='entry-content-wrapper clearfix'>\n<div class='flex_column_table av-a7kqw-9600063205c2d25754c4d6037030e976 sc-av_one_full av-equal-height-column-flextable'>\n<style type=\"text\/css\" data-created_by=\"avia_inline_auto\" id=\"style-css-av-a7kqw-9600063205c2d25754c4d6037030e976\">\n.flex_column.av-a7kqw-9600063205c2d25754c4d6037030e976{\nborder-radius:0px 0px 0px 0px;\npadding:0px 0px 0px 0px;\n}\n<\/style>\n<div  class='flex_column av-a7kqw-9600063205c2d25754c4d6037030e976 av_one_full  avia-builder-el-4  el_before_av_one_full  avia-builder-el-first  first flex_column_table_cell av-equal-height-column av-align-middle av-zero-column-padding  '     ><section  class='av_textblock_section av-klj36iny-287fd26253a594c8b0e455ee82d24436 '   itemscope=\"itemscope\" itemtype=\"https:\/\/schema.org\/CreativeWork\" ><div class='avia_textblock'  itemprop=\"text\" ><p>Notre \u00e9quipe de plus de 100 monteurs qualifi\u00e9s, est active mondialement pour installer nos \u00e9quipements et assurer des services additionnels. La plupart des monteurs travaillent pour SPI depuis de nombreuses ann\u00e9es, la qualit\u00e9 du montage des aires de jeux est garantie par leur savoir-faire.<\/p>\n<p>R\u00e9aliser votre projet est un parcours enrichissant. D\u00e9passer vos attentes dans ce cheminement est notre objectif principal.<\/p>\n<\/div><\/section><\/div><\/div><!--close column table wrapper. Autoclose: 1 -->\n<style type=\"text\/css\" data-created_by=\"avia_inline_auto\" id=\"style-css-av-a7kqw-1fbd5680d517efd655a6e4cdcbb68100\">\n.flex_column.av-a7kqw-1fbd5680d517efd655a6e4cdcbb68100{\nborder-radius:0px 0px 0px 0px;\npadding:0 0 0 0;\n}\n<\/style>\n<div  class='flex_column av-a7kqw-1fbd5680d517efd655a6e4cdcbb68100 av_one_full  avia-builder-el-6  el_after_av_one_full  el_before_av_one_full  first flex_column_div av-zero-column-padding  column-top-margin'     ><div id='av-masonry-1' class='av-masonry av-klj3ul5x-24d03e80ffea6c541658ad2edc937bc0 noHover av-fixed-size av-1px-gap av-hover-overlay-active av-masonry-animation-active av-masonry-col-3 av-caption-always av-caption-style- av-masonry-gallery av-medium-columns-overwrite av-medium-columns-3 ' data-post_id=\"2035\"><div class=\"av-masonry-container isotope av-js-disabled\"><div class='av-masonry-entry isotope-item av-masonry-item-no-image '><\/div><a href=\"https:\/\/spiplay.co.uk\/wp-content\/uploads\/2021\/02\/IMG_1239-1030x773.jpg\" data-srcset=\"https:\/\/spiplay.co.uk\/wp-content\/uploads\/2021\/02\/IMG_1239-1030x773.jpg 1030w, https:\/\/spiplay.co.uk\/wp-content\/uploads\/2021\/02\/IMG_1239-300x225.jpg 300w, https:\/\/spiplay.co.uk\/wp-content\/uploads\/2021\/02\/IMG_1239-768x576.jpg 768w, https:\/\/spiplay.co.uk\/wp-content\/uploads\/2021\/02\/IMG_1239-1536x1152.jpg 1536w, https:\/\/spiplay.co.uk\/wp-content\/uploads\/2021\/02\/IMG_1239-2048x1536.jpg 2048w, https:\/\/spiplay.co.uk\/wp-content\/uploads\/2021\/02\/IMG_1239-1500x1125.jpg 1500w, https:\/\/spiplay.co.uk\/wp-content\/uploads\/2021\/02\/IMG_1239-705x529.jpg 705w\" data-sizes=\"(max-width: 1030px) 100vw, 1030px\"  aria-label=\"image image sans titre\"  id='av-masonry-1-item-2037' data-av-masonry-item='2037' class='av-masonry-entry isotope-item post-2037 attachment type-attachment status-inherit hentry  av-masonry-item-with-image av-grid-img' title=\"\" alt=\"\"    itemprop=\"thumbnailUrl\" ><div class='av-inner-masonry-sizer'><\/div><figure class='av-inner-masonry main_color'><div class=\"av-masonry-outerimage-container\"><div class='av-masonry-image-container' style=\"background-image: url(https:\/\/spiplay.co.uk\/wp-content\/uploads\/2021\/02\/IMG_1239-705x529.jpg);\" ><\/div><\/div><\/figure><\/a><!--end av-masonry entry--><a href=\"https:\/\/spiplay.co.uk\/wp-content\/uploads\/2021\/02\/IMG_1254-edit-1030x773.jpg\" data-srcset=\"https:\/\/spiplay.co.uk\/wp-content\/uploads\/2021\/02\/IMG_1254-edit-1030x773.jpg 1030w, https:\/\/spiplay.co.uk\/wp-content\/uploads\/2021\/02\/IMG_1254-edit-300x225.jpg 300w, https:\/\/spiplay.co.uk\/wp-content\/uploads\/2021\/02\/IMG_1254-edit-768x576.jpg 768w, https:\/\/spiplay.co.uk\/wp-content\/uploads\/2021\/02\/IMG_1254-edit-1500x1125.jpg 1500w, https:\/\/spiplay.co.uk\/wp-content\/uploads\/2021\/02\/IMG_1254-edit-705x529.jpg 705w, https:\/\/spiplay.co.uk\/wp-content\/uploads\/2021\/02\/IMG_1254-edit.jpg 1512w\" data-sizes=\"(max-width: 1030px) 100vw, 1030px\"  aria-label=\"image image sans titre\"  id='av-masonry-1-item-2038' data-av-masonry-item='2038' class='av-masonry-entry isotope-item post-2038 attachment type-attachment status-inherit hentry  av-masonry-item-with-image av-grid-img' title=\"\" alt=\"\"    itemprop=\"thumbnailUrl\" ><div class='av-inner-masonry-sizer'><\/div><figure class='av-inner-masonry main_color'><div class=\"av-masonry-outerimage-container\"><div class='av-masonry-image-container' style=\"background-image: url(https:\/\/spiplay.co.uk\/wp-content\/uploads\/2021\/02\/IMG_1254-edit-705x529.jpg);\" ><\/div><\/div><\/figure><\/a><!--end av-masonry entry--><a href=\"https:\/\/spiplay.co.uk\/wp-content\/uploads\/2021\/02\/IMG_1318-edit-1030x772.jpg\" data-srcset=\"https:\/\/spiplay.co.uk\/wp-content\/uploads\/2021\/02\/IMG_1318-edit-1030x772.jpg 1030w, https:\/\/spiplay.co.uk\/wp-content\/uploads\/2021\/02\/IMG_1318-edit-300x225.jpg 300w, https:\/\/spiplay.co.uk\/wp-content\/uploads\/2021\/02\/IMG_1318-edit-768x576.jpg 768w, https:\/\/spiplay.co.uk\/wp-content\/uploads\/2021\/02\/IMG_1318-edit-705x528.jpg 705w, https:\/\/spiplay.co.uk\/wp-content\/uploads\/2021\/02\/IMG_1318-edit.jpg 1134w\" data-sizes=\"(max-width: 1030px) 100vw, 1030px\"  aria-label=\"image image sans titre\"  id='av-masonry-1-item-2039' data-av-masonry-item='2039' class='av-masonry-entry isotope-item post-2039 attachment type-attachment status-inherit hentry  av-masonry-item-with-image av-grid-img' title=\"\" alt=\"\"    itemprop=\"thumbnailUrl\" ><div class='av-inner-masonry-sizer'><\/div><figure class='av-inner-masonry main_color'><div class=\"av-masonry-outerimage-container\"><div class='av-masonry-image-container' style=\"background-image: url(https:\/\/spiplay.co.uk\/wp-content\/uploads\/2021\/02\/IMG_1318-edit-705x528.jpg);\" ><\/div><\/div><\/figure><\/a><!--end av-masonry entry--><\/div><\/div><\/div><div class='flex_column_table av-a7kqw-9600063205c2d25754c4d6037030e976 sc-av_one_full av-equal-height-column-flextable'>\n<style type=\"text\/css\" data-created_by=\"avia_inline_auto\" id=\"style-css-av-a7kqw-9600063205c2d25754c4d6037030e976\">\n.flex_column.av-a7kqw-9600063205c2d25754c4d6037030e976{\nborder-radius:0px 0px 0px 0px;\npadding:0px 0px 0px 0px;\n}\n<\/style>\n<div  class='flex_column av-a7kqw-9600063205c2d25754c4d6037030e976 av_one_full  avia-builder-el-8  el_after_av_one_full  avia-builder-el-last  first flex_column_table_cell av-equal-height-column av-align-middle av-zero-column-padding  column-top-margin'     ><section  class='av_textblock_section av-klj36iny-287fd26253a594c8b0e455ee82d24436 '   itemscope=\"itemscope\" itemtype=\"https:\/\/schema.org\/CreativeWork\" ><div class='avia_textblock'  itemprop=\"text\" ><p>La s\u00e9curit\u00e9 est la priorit\u00e9 absolue dans notre organisation. Nous adoptons une approche proactive pour assurer la s\u00e9curit\u00e9 de nos aires de jeux, en concevant et en testant soigneusement chaque produit avant qu&rsquo;il ne soit lanc\u00e9. Non seulement, nous utilisons les mat\u00e9riaux les plus innovants, mais nos installations sont \u00e9galement approuv\u00e9es selon les exigences du TUV.<\/p>\n<blockquote>\n<p>Notre gamme de produits est r\u00e9-\u00e9valu\u00e9 continuellement, afin d\u2019assurer la meilleure qualit\u00e9. En utilisant les derni\u00e8res techniques de fabrication, nous nous assurons que la qualit\u00e9 et la s\u00e9curit\u00e9 soient toujours au rendez-vous.<\/p>\n<\/blockquote>\n<p>Lors de la conception, nous travaillons en nous adaptant aux nombreuses r\u00e9glementations et normes de s\u00e9curit\u00e9 exig\u00e9es \u00e0 travers le monde, telles que la EN1176 et l\u2019ASTM. Nos experts appliquent ces normes dans la conception de nos aires de jeux et veillent \u00e0 ce que la s\u00e9curit\u00e9 reste au premier plan.<\/p>\n<p>De plus, nos \u00e9quipes sur site travaillent r\u00e9guli\u00e8rement avec les bureaux de contr\u00f4le de nos clients, afin de faciliter la certification \u00e0 la r\u00e9ception du chantier.<\/p>\n<\/div><\/section><\/div><\/div><!--close column table wrapper. Autoclose: 1 --><\/div><\/div><\/div><!-- close content main div --><\/div><\/div>\n<style type=\"text\/css\" data-created_by=\"avia_inline_auto\" id=\"style-css-av-k2lptw7b-efe5d9b3a864e68fbe58dd9aca4cf00a\">\n.avia-section.av-k2lptw7b-efe5d9b3a864e68fbe58dd9aca4cf00a{\nbackground-color:#211f1f;\nbackground-image:unset;\n}\n<\/style>\n<div id='customfooter'  class='avia-section av-k2lptw7b-efe5d9b3a864e68fbe58dd9aca4cf00a alternate_color avia-section-large avia-no-border-styling  avia-builder-el-10  el_after_av_section  avia-builder-el-last  thecustomfoot avia-bg-style-scroll container_wrap fullsize'  ><div class='container av-section-cont-open' ><div class='template-page content  av-content-full alpha units'><div class='post-entry post-entry-type-page post-entry-2035'><div class='entry-content-wrapper clearfix'>\n\n<style type=\"text\/css\" data-created_by=\"avia_inline_auto\" id=\"style-css-av-lqu-4d4811447de37c967d01fdaf58d51a30\">\n.flex_column.av-lqu-4d4811447de37c967d01fdaf58d51a30{\nborder-radius:0px 0px 0px 0px;\npadding:0px 0px 0px 0px;\n}\n<\/style>\n<div  class='flex_column av-lqu-4d4811447de37c967d01fdaf58d51a30 av_one_third  avia-builder-el-11  el_before_av_two_third  avia-builder-el-first  first flex_column_div av-animated-generic bottom-to-top av-zero-column-padding  '     ><\/div>\n<style type=\"text\/css\" data-created_by=\"avia_inline_auto\" id=\"style-css-av-3rno-ca3a2df5a879dcc0b3ed268cbe3059c5\">\n.flex_column.av-3rno-ca3a2df5a879dcc0b3ed268cbe3059c5{\nborder-radius:0px 0px 0px 0px;\npadding:0px 0px 0px 0px;\n}\n<\/style>\n<div  class='flex_column av-3rno-ca3a2df5a879dcc0b3ed268cbe3059c5 av_two_third  avia-builder-el-13  el_after_av_one_third  avia-builder-el-last  flex_column_div av-animated-generic bottom-to-top av-zero-column-padding  '     ><\/div>\n<\/p>\n","protected":false},"excerpt":{"rendered":"","protected":false},"author":1,"featured_media":0,"parent":0,"menu_order":0,"comment_status":"closed","ping_status":"closed","template":"","meta":{"footnotes":""},"class_list":["post-2035","page","type-page","status-publish","hentry"],"yoast_head":"<!-- This site is optimized with the Yoast SEO plugin v27.4 - https:\/\/yoast.com\/product\/yoast-seo-wordpress\/ -->\n<title>Installation - Indoor Playground Supplier - SPI Global Play UK<\/title>\n<meta name=\"robots\" content=\"index, follow, max-snippet:-1, max-image-preview:large, max-video-preview:-1\" \/>\n<link rel=\"canonical\" href=\"https:\/\/spiplay.co.uk\/fr\/installation\/\" \/>\n<meta property=\"og:locale\" content=\"fr_FR\" \/>\n<meta property=\"og:type\" content=\"article\" \/>\n<meta property=\"og:title\" content=\"Installation - Indoor Playground Supplier - SPI Global Play UK\" \/>\n<meta property=\"og:url\" content=\"https:\/\/spiplay.co.uk\/fr\/installation\/\" \/>\n<meta property=\"og:site_name\" content=\"Indoor Playground Supplier - SPI Global Play UK\" \/>\n<meta property=\"article:modified_time\" content=\"2021-03-25T07:27:41+00:00\" \/>\n<meta name=\"twitter:card\" content=\"summary_large_image\" \/>\n<meta name=\"twitter:label1\" content=\"Dur\u00e9e de lecture estim\u00e9e\" \/>\n\t<meta name=\"twitter:data1\" content=\"8 minutes\" \/>\n<script type=\"application\/ld+json\" class=\"yoast-schema-graph\">{\"@context\":\"https:\\\/\\\/schema.org\",\"@graph\":[{\"@type\":\"WebPage\",\"@id\":\"https:\\\/\\\/spiplay.co.uk\\\/fr\\\/installation\\\/\",\"url\":\"https:\\\/\\\/spiplay.co.uk\\\/fr\\\/installation\\\/\",\"name\":\"Installation - Indoor Playground Supplier - SPI Global Play UK\",\"isPartOf\":{\"@id\":\"https:\\\/\\\/spiplay.co.uk\\\/#website\"},\"datePublished\":\"2021-03-25T07:27:40+00:00\",\"dateModified\":\"2021-03-25T07:27:41+00:00\",\"inLanguage\":\"fr-FR\",\"potentialAction\":[{\"@type\":\"ReadAction\",\"target\":[\"https:\\\/\\\/spiplay.co.uk\\\/fr\\\/installation\\\/\"]}]},{\"@type\":\"WebSite\",\"@id\":\"https:\\\/\\\/spiplay.co.uk\\\/#website\",\"url\":\"https:\\\/\\\/spiplay.co.uk\\\/\",\"name\":\"Indoor Playground Supplier - SPI Global Play UK\",\"description\":\"The Number One Indoor Playground Supplier\",\"potentialAction\":[{\"@type\":\"SearchAction\",\"target\":{\"@type\":\"EntryPoint\",\"urlTemplate\":\"https:\\\/\\\/spiplay.co.uk\\\/?s={search_term_string}\"},\"query-input\":{\"@type\":\"PropertyValueSpecification\",\"valueRequired\":true,\"valueName\":\"search_term_string\"}}],\"inLanguage\":\"fr-FR\"}]}<\/script>\n<!-- \/ Yoast SEO plugin. -->","yoast_head_json":{"title":"Installation - Indoor Playground Supplier - SPI Global Play UK","robots":{"index":"index","follow":"follow","max-snippet":"max-snippet:-1","max-image-preview":"max-image-preview:large","max-video-preview":"max-video-preview:-1"},"canonical":"https:\/\/spiplay.co.uk\/fr\/installation\/","og_locale":"fr_FR","og_type":"article","og_title":"Installation - Indoor Playground Supplier - SPI Global Play UK","og_url":"https:\/\/spiplay.co.uk\/fr\/installation\/","og_site_name":"Indoor Playground Supplier - SPI Global Play UK","article_modified_time":"2021-03-25T07:27:41+00:00","twitter_card":"summary_large_image","twitter_misc":{"Dur\u00e9e de lecture estim\u00e9e":"8 minutes"},"schema":{"@context":"https:\/\/schema.org","@graph":[{"@type":"WebPage","@id":"https:\/\/spiplay.co.uk\/fr\/installation\/","url":"https:\/\/spiplay.co.uk\/fr\/installation\/","name":"Installation - Indoor Playground Supplier - SPI Global Play UK","isPartOf":{"@id":"https:\/\/spiplay.co.uk\/#website"},"datePublished":"2021-03-25T07:27:40+00:00","dateModified":"2021-03-25T07:27:41+00:00","inLanguage":"fr-FR","potentialAction":[{"@type":"ReadAction","target":["https:\/\/spiplay.co.uk\/fr\/installation\/"]}]},{"@type":"WebSite","@id":"https:\/\/spiplay.co.uk\/#website","url":"https:\/\/spiplay.co.uk\/","name":"Indoor Playground Supplier - SPI Global Play UK","description":"The Number One Indoor Playground Supplier","potentialAction":[{"@type":"SearchAction","target":{"@type":"EntryPoint","urlTemplate":"https:\/\/spiplay.co.uk\/?s={search_term_string}"},"query-input":{"@type":"PropertyValueSpecification","valueRequired":true,"valueName":"search_term_string"}}],"inLanguage":"fr-FR"}]}},"_links":{"self":[{"href":"https:\/\/spiplay.co.uk\/fr\/wp-json\/wp\/v2\/pages\/2035","targetHints":{"allow":["GET"]}}],"collection":[{"href":"https:\/\/spiplay.co.uk\/fr\/wp-json\/wp\/v2\/pages"}],"about":[{"href":"https:\/\/spiplay.co.uk\/fr\/wp-json\/wp\/v2\/types\/page"}],"author":[{"embeddable":true,"href":"https:\/\/spiplay.co.uk\/fr\/wp-json\/wp\/v2\/users\/1"}],"replies":[{"embeddable":true,"href":"https:\/\/spiplay.co.uk\/fr\/wp-json\/wp\/v2\/comments?post=2035"}],"version-history":[{"count":2,"href":"https:\/\/spiplay.co.uk\/fr\/wp-json\/wp\/v2\/pages\/2035\/revisions"}],"predecessor-version":[{"id":2041,"href":"https:\/\/spiplay.co.uk\/fr\/wp-json\/wp\/v2\/pages\/2035\/revisions\/2041"}],"wp:attachment":[{"href":"https:\/\/spiplay.co.uk\/fr\/wp-json\/wp\/v2\/media?parent=2035"}],"curies":[{"name":"wp","href":"https:\/\/api.w.org\/{rel}","templated":true}]}}