{"id":2042,"date":"2021-03-25T08:31:30","date_gmt":"2021-03-25T07:31:30","guid":{"rendered":"http:\/\/spiplay.co.uk\/production\/"},"modified":"2021-03-25T08:31:31","modified_gmt":"2021-03-25T07:31:31","slug":"production","status":"publish","type":"page","link":"https:\/\/spiplay.co.uk\/fr\/production\/","title":{"rendered":"PRODUCTION"},"content":{"rendered":"\n<style type=\"text\/css\" data-created_by=\"avia_inline_auto\" id=\"style-css-av-kisilonh-2cfdbe605ed61ffcdef1286322f18e5a\">\n.avia-section.av-kisilonh-2cfdbe605ed61ffcdef1286322f18e5a{\nbackground-repeat:no-repeat;\nbackground-image:url(https:\/\/spiplay.co.uk\/wp-content\/uploads\/2021\/02\/Prod-7-scaled.jpg);\nbackground-position:50% 50%;\nbackground-attachment:scroll;\n}\n.avia-section.av-kisilonh-2cfdbe605ed61ffcdef1286322f18e5a .av-section-color-overlay{\nopacity:0.3;\nbackground-color:#141414;\n}\n<\/style>\n<div id='av_section_1'  class='avia-section av-kisilonh-2cfdbe605ed61ffcdef1286322f18e5a main_color avia-section-large avia-no-border-styling  avia-builder-el-0  el_before_av_section  avia-builder-el-first  avia-full-stretch avia-bg-style-scroll av-section-color-overlay-active av-minimum-height av-minimum-height-25 av-height-25  container_wrap fullsize'  data-section-bg-repeat='stretch' data-av_minimum_height_pc='25' data-av_min_height_opt='25'><div class=\"av-section-color-overlay-wrap\"><div class=\"av-section-color-overlay\"><\/div><div class='container av-section-cont-open' ><main  role=\"main\" itemprop=\"mainContentOfPage\"  class='template-page content  av-content-full alpha units'><div class='post-entry post-entry-type-page post-entry-2042'><div class='entry-content-wrapper clearfix'>\n\n<style type=\"text\/css\" data-created_by=\"avia_inline_auto\" id=\"style-css-av-hmgqv-49dbaedfe875d0bc1c8391935ce34af4\">\n.flex_column.av-hmgqv-49dbaedfe875d0bc1c8391935ce34af4{\nborder-radius:0px 0px 0px 0px;\npadding:0px 0px 0px 0px;\n}\n<\/style>\n<div  class='flex_column av-hmgqv-49dbaedfe875d0bc1c8391935ce34af4 av_one_full  avia-builder-el-1  avia-builder-el-no-sibling  first flex_column_div av-zero-column-padding  '     ><style type=\"text\/css\" data-created_by=\"avia_inline_auto\" id=\"style-css-av-klj3yupo-eeebc1d47de9a227a80fcfe00267b386\">\n#top .av-special-heading.av-klj3yupo-eeebc1d47de9a227a80fcfe00267b386{\npadding-bottom:0;\ncolor:#ffffff;\n}\nbody .av-special-heading.av-klj3yupo-eeebc1d47de9a227a80fcfe00267b386 .av-special-heading-tag .heading-char{\nfont-size:25px;\n}\n.av-special-heading.av-klj3yupo-eeebc1d47de9a227a80fcfe00267b386 .special-heading-inner-border{\nborder-color:#ffffff;\n}\n.av-special-heading.av-klj3yupo-eeebc1d47de9a227a80fcfe00267b386 .av-subheading{\nfont-size:15px;\n}\n<\/style>\n<div  class='av-special-heading av-klj3yupo-eeebc1d47de9a227a80fcfe00267b386 av-special-heading-h1 custom-color-heading blockquote modern-quote modern-centered  avia-builder-el-2  avia-builder-el-no-sibling  av-linked-heading'><h1 class='av-special-heading-tag '  itemprop=\"headline\"  >PRODUCTION<\/h1><div class=\"special-heading-border\"><div class=\"special-heading-inner-border\"><\/div><\/div><\/div><\/div>\n\n<\/div><\/div><\/main><!-- close content main element --><\/div><\/div><\/div><div id='av_section_2'  class='avia-section av-h9cjs-defcff6abf8ba6cfb795b88905ad100a main_color avia-section-large avia-no-border-styling  avia-builder-el-3  el_after_av_section  el_before_av_section  avia-bg-style-scroll container_wrap fullsize'  ><div class='container av-section-cont-open' ><div class='template-page content  av-content-full alpha units'><div class='post-entry post-entry-type-page post-entry-2042'><div class='entry-content-wrapper clearfix'>\n<div class='flex_column_table av-a7kqw-9600063205c2d25754c4d6037030e976 sc-av_one_full av-equal-height-column-flextable'>\n<style type=\"text\/css\" data-created_by=\"avia_inline_auto\" id=\"style-css-av-a7kqw-9600063205c2d25754c4d6037030e976\">\n.flex_column.av-a7kqw-9600063205c2d25754c4d6037030e976{\nborder-radius:0px 0px 0px 0px;\npadding:0px 0px 0px 0px;\n}\n<\/style>\n<div  class='flex_column av-a7kqw-9600063205c2d25754c4d6037030e976 av_one_full  avia-builder-el-4  el_before_av_one_full  avia-builder-el-first  first flex_column_table_cell av-equal-height-column av-align-middle av-zero-column-padding  '     ><section  class='av_textblock_section av-klj36iny-287fd26253a594c8b0e455ee82d24436 '   itemscope=\"itemscope\" itemtype=\"https:\/\/schema.org\/CreativeWork\" ><div class='avia_textblock'  itemprop=\"text\" ><p>Chez SPI Global Play, notre objectif est de produire la quasi-totalit\u00e9 des projets dans nos propres sites de production europ\u00e9ens. De cette fa\u00e7on, nous contr\u00f4lons la qualit\u00e9 des produits et nous pouvons maintenir notre r\u00e9putation. Nos sites de production sont situ\u00e9s au Royaume-Uni, en Su\u00e8de, en Italie, en Slovaquie et en Pologne.<\/p>\n<\/div><\/section><\/div><\/div><!--close column table wrapper. Autoclose: 1 -->\n<style type=\"text\/css\" data-created_by=\"avia_inline_auto\" id=\"style-css-av-a7kqw-1fbd5680d517efd655a6e4cdcbb68100\">\n.flex_column.av-a7kqw-1fbd5680d517efd655a6e4cdcbb68100{\nborder-radius:0px 0px 0px 0px;\npadding:0 0 0 0;\n}\n<\/style>\n<div  class='flex_column av-a7kqw-1fbd5680d517efd655a6e4cdcbb68100 av_one_full  avia-builder-el-6  el_after_av_one_full  el_before_av_hr  first flex_column_div av-zero-column-padding  column-top-margin'     ><div id='av-masonry-1' class='av-masonry av-klj3ul5x-c99fad586a95439574d9057c516fa3ad noHover av-fixed-size av-1px-gap av-hover-overlay-active av-masonry-animation-active av-masonry-col-4 av-caption-always av-caption-style- av-masonry-gallery av-medium-columns-overwrite av-medium-columns-4 av-orientation-square ' data-post_id=\"2042\"><div class=\"av-masonry-container isotope av-js-disabled\"><div class='av-masonry-entry isotope-item av-masonry-item-no-image '><\/div><a href=\"https:\/\/spiplay.co.uk\/wp-content\/uploads\/2021\/02\/Prod-13-1030x530.jpg\" data-srcset=\"https:\/\/spiplay.co.uk\/wp-content\/uploads\/2021\/02\/Prod-13-1030x530.jpg 1030w, https:\/\/spiplay.co.uk\/wp-content\/uploads\/2021\/02\/Prod-13-300x154.jpg 300w, https:\/\/spiplay.co.uk\/wp-content\/uploads\/2021\/02\/Prod-13-768x395.jpg 768w, https:\/\/spiplay.co.uk\/wp-content\/uploads\/2021\/02\/Prod-13-1536x790.jpg 1536w, https:\/\/spiplay.co.uk\/wp-content\/uploads\/2021\/02\/Prod-13-2048x1054.jpg 2048w, https:\/\/spiplay.co.uk\/wp-content\/uploads\/2021\/02\/Prod-13-1500x772.jpg 1500w, https:\/\/spiplay.co.uk\/wp-content\/uploads\/2021\/02\/Prod-13-705x363.jpg 705w\" data-sizes=\"(max-width: 1030px) 100vw, 1030px\"  aria-label=\"image image sans titre\"  id='av-masonry-1-item-2046' data-av-masonry-item='2046' class='av-masonry-entry isotope-item post-2046 attachment type-attachment status-inherit hentry  av-masonry-item-with-image' title=\"\" alt=\"\"    itemprop=\"thumbnailUrl\" ><div class='av-inner-masonry-sizer'><\/div><figure class='av-inner-masonry main_color'><div class=\"av-masonry-outerimage-container\"><div class='av-masonry-image-container' style=\"background-image: url(https:\/\/spiplay.co.uk\/wp-content\/uploads\/2021\/02\/Prod-13-705x363.jpg);\" ><\/div><\/div><\/figure><\/a><!--end av-masonry entry--><a href=\"https:\/\/spiplay.co.uk\/wp-content\/uploads\/2021\/02\/Prod-11-1030x773.jpg\" data-srcset=\"https:\/\/spiplay.co.uk\/wp-content\/uploads\/2021\/02\/Prod-11-1030x773.jpg 1030w, https:\/\/spiplay.co.uk\/wp-content\/uploads\/2021\/02\/Prod-11-300x225.jpg 300w, https:\/\/spiplay.co.uk\/wp-content\/uploads\/2021\/02\/Prod-11-768x576.jpg 768w, https:\/\/spiplay.co.uk\/wp-content\/uploads\/2021\/02\/Prod-11-1536x1152.jpg 1536w, https:\/\/spiplay.co.uk\/wp-content\/uploads\/2021\/02\/Prod-11-2048x1536.jpg 2048w, https:\/\/spiplay.co.uk\/wp-content\/uploads\/2021\/02\/Prod-11-1500x1125.jpg 1500w, https:\/\/spiplay.co.uk\/wp-content\/uploads\/2021\/02\/Prod-11-705x529.jpg 705w\" data-sizes=\"(max-width: 1030px) 100vw, 1030px\"  aria-label=\"image image sans titre\"  id='av-masonry-1-item-2045' data-av-masonry-item='2045' class='av-masonry-entry isotope-item post-2045 attachment type-attachment status-inherit hentry  av-masonry-item-with-image' title=\"\" alt=\"\"    itemprop=\"thumbnailUrl\" ><div class='av-inner-masonry-sizer'><\/div><figure class='av-inner-masonry main_color'><div class=\"av-masonry-outerimage-container\"><div class='av-masonry-image-container' style=\"background-image: url(https:\/\/spiplay.co.uk\/wp-content\/uploads\/2021\/02\/Prod-11-705x529.jpg);\" ><\/div><\/div><\/figure><\/a><!--end av-masonry entry--><a href=\"https:\/\/spiplay.co.uk\/wp-content\/uploads\/2021\/02\/Prod-8-1030x773.jpg\" data-srcset=\"https:\/\/spiplay.co.uk\/wp-content\/uploads\/2021\/02\/Prod-8-1030x773.jpg 1030w, https:\/\/spiplay.co.uk\/wp-content\/uploads\/2021\/02\/Prod-8-300x225.jpg 300w, https:\/\/spiplay.co.uk\/wp-content\/uploads\/2021\/02\/Prod-8-768x576.jpg 768w, https:\/\/spiplay.co.uk\/wp-content\/uploads\/2021\/02\/Prod-8-1536x1152.jpg 1536w, https:\/\/spiplay.co.uk\/wp-content\/uploads\/2021\/02\/Prod-8-2048x1536.jpg 2048w, https:\/\/spiplay.co.uk\/wp-content\/uploads\/2021\/02\/Prod-8-1500x1125.jpg 1500w, https:\/\/spiplay.co.uk\/wp-content\/uploads\/2021\/02\/Prod-8-705x529.jpg 705w\" data-sizes=\"(max-width: 1030px) 100vw, 1030px\"  aria-label=\"image image sans titre\"  id='av-masonry-1-item-2044' data-av-masonry-item='2044' class='av-masonry-entry isotope-item post-2044 attachment type-attachment status-inherit hentry  av-masonry-item-with-image' title=\"\" alt=\"\"    itemprop=\"thumbnailUrl\" ><div class='av-inner-masonry-sizer'><\/div><figure class='av-inner-masonry main_color'><div class=\"av-masonry-outerimage-container\"><div class='av-masonry-image-container' style=\"background-image: url(https:\/\/spiplay.co.uk\/wp-content\/uploads\/2021\/02\/Prod-8-705x529.jpg);\" ><\/div><\/div><\/figure><\/a><!--end av-masonry entry--><a href=\"https:\/\/spiplay.co.uk\/wp-content\/uploads\/2021\/02\/Prod-7-1030x773.jpg\" data-srcset=\"https:\/\/spiplay.co.uk\/wp-content\/uploads\/2021\/02\/Prod-7-1030x773.jpg 1030w, https:\/\/spiplay.co.uk\/wp-content\/uploads\/2021\/02\/Prod-7-300x225.jpg 300w, https:\/\/spiplay.co.uk\/wp-content\/uploads\/2021\/02\/Prod-7-768x576.jpg 768w, https:\/\/spiplay.co.uk\/wp-content\/uploads\/2021\/02\/Prod-7-1536x1152.jpg 1536w, https:\/\/spiplay.co.uk\/wp-content\/uploads\/2021\/02\/Prod-7-2048x1536.jpg 2048w, https:\/\/spiplay.co.uk\/wp-content\/uploads\/2021\/02\/Prod-7-1500x1125.jpg 1500w, https:\/\/spiplay.co.uk\/wp-content\/uploads\/2021\/02\/Prod-7-705x529.jpg 705w\" data-sizes=\"(max-width: 1030px) 100vw, 1030px\"  aria-label=\"image image sans titre\"  id='av-masonry-1-item-2043' data-av-masonry-item='2043' class='av-masonry-entry isotope-item post-2043 attachment type-attachment status-inherit hentry  av-masonry-item-with-image' title=\"\" alt=\"\"    itemprop=\"thumbnailUrl\" ><div class='av-inner-masonry-sizer'><\/div><figure class='av-inner-masonry main_color'><div class=\"av-masonry-outerimage-container\"><div class='av-masonry-image-container' style=\"background-image: url(https:\/\/spiplay.co.uk\/wp-content\/uploads\/2021\/02\/Prod-7-705x529.jpg);\" ><\/div><\/div><\/figure><\/a><!--end av-masonry entry--><\/div><\/div><\/div>\n<style type=\"text\/css\" data-created_by=\"avia_inline_auto\" id=\"style-css-av-klkva3g7-422650f81aa7571954f39eb3b9eab1aa\">\n#top .hr.hr-invisible.av-klkva3g7-422650f81aa7571954f39eb3b9eab1aa{\nheight:20px;\n}\n<\/style>\n<div  class='hr av-klkva3g7-422650f81aa7571954f39eb3b9eab1aa hr-invisible  avia-builder-el-8  el_after_av_one_full  el_before_av_one_full '><span class='hr-inner '><span class=\"hr-inner-style\"><\/span><\/span><\/div>\n<div class='flex_column_table av-a7kqw-9600063205c2d25754c4d6037030e976 sc-av_one_full av-equal-height-column-flextable'>\n<style type=\"text\/css\" data-created_by=\"avia_inline_auto\" id=\"style-css-av-a7kqw-9600063205c2d25754c4d6037030e976\">\n.flex_column.av-a7kqw-9600063205c2d25754c4d6037030e976{\nborder-radius:0px 0px 0px 0px;\npadding:0px 0px 0px 0px;\n}\n<\/style>\n<div  class='flex_column av-a7kqw-9600063205c2d25754c4d6037030e976 av_one_full  avia-builder-el-9  el_after_av_hr  el_before_av_one_fourth  first flex_column_table_cell av-equal-height-column av-align-middle av-zero-column-padding  '     ><style type=\"text\/css\" data-created_by=\"avia_inline_auto\" id=\"style-css-av-a9z73-150b3612a5d4ce3d7c7ed0c80a803f3e\">\n#top .av-special-heading.av-a9z73-150b3612a5d4ce3d7c7ed0c80a803f3e{\npadding-bottom:0;\n}\nbody .av-special-heading.av-a9z73-150b3612a5d4ce3d7c7ed0c80a803f3e .av-special-heading-tag .heading-char{\nfont-size:25px;\n}\n.av-special-heading.av-a9z73-150b3612a5d4ce3d7c7ed0c80a803f3e .av-subheading{\nfont-size:15px;\n}\n<\/style>\n<div  class='av-special-heading av-a9z73-150b3612a5d4ce3d7c7ed0c80a803f3e av-special-heading-h3 blockquote modern-quote modern-centered  avia-builder-el-10  avia-builder-el-no-sibling '><h3 class='av-special-heading-tag '  itemprop=\"headline\"  >Dans les usines de SPI Global Play, nous fabriquons les \u00e9l\u00e9ments suivants :<\/h3><div class=\"special-heading-border\"><div class=\"special-heading-inner-border\"><\/div><\/div><\/div><\/div><\/div><!--close column table wrapper. Autoclose: 1 -->\n<style type=\"text\/css\" data-created_by=\"avia_inline_auto\" id=\"style-css-av-a7kqw-efd46fa547a3c1a6511188a567cb08c2\">\n.flex_column.av-a7kqw-efd46fa547a3c1a6511188a567cb08c2{\nborder-radius:0px 0px 0px 0px;\npadding:0px 0px 0px 0px;\n}\n<\/style>\n<div  class='flex_column av-a7kqw-efd46fa547a3c1a6511188a567cb08c2 av_one_fourth  avia-builder-el-11  el_after_av_one_full  el_before_av_one_fourth  hideit first flex_column_div av-hide-on-mobile av-zero-column-padding  column-top-margin'     ><\/div>\n<style type=\"text\/css\" data-created_by=\"avia_inline_auto\" id=\"style-css-av-a7kqw-60af77ac6e320f07ea3a6e436d097071\">\n.flex_column.av-a7kqw-60af77ac6e320f07ea3a6e436d097071{\nborder-radius:0px 0px 0px 0px;\npadding:0px 0px 0px 0px;\n}\n<\/style>\n<div  class='flex_column av-a7kqw-60af77ac6e320f07ea3a6e436d097071 av_one_fourth  avia-builder-el-12  el_after_av_one_fourth  el_before_av_one_fourth  flex_column_div av-zero-column-padding  column-top-margin'     ><section  class='av_textblock_section av-klj36iny-287fd26253a594c8b0e455ee82d24436 '   itemscope=\"itemscope\" itemtype=\"https:\/\/schema.org\/CreativeWork\" ><div class='avia_textblock'  itemprop=\"text\" ><ul>\n<li>Equipements d\u2019aire de jeu<\/li>\n<li>Plastiques et moulage rotatif<\/li>\n<li>GRP<\/li>\n<li>Graphiques et illustrations<\/li>\n<li>Produits sp\u00e9cifiques R&amp;D<\/li>\n<\/ul>\n<\/div><\/section><\/div>\n<style type=\"text\/css\" data-created_by=\"avia_inline_auto\" id=\"style-css-av-a7kqw-60af77ac6e320f07ea3a6e436d097071\">\n.flex_column.av-a7kqw-60af77ac6e320f07ea3a6e436d097071{\nborder-radius:0px 0px 0px 0px;\npadding:0px 0px 0px 0px;\n}\n<\/style>\n<div  class='flex_column av-a7kqw-60af77ac6e320f07ea3a6e436d097071 av_one_fourth  avia-builder-el-14  el_after_av_one_fourth  el_before_av_one_fourth  flex_column_div av-zero-column-padding  column-top-margin'     ><section  class='av_textblock_section av-klj36iny-287fd26253a594c8b0e455ee82d24436 '   itemscope=\"itemscope\" itemtype=\"https:\/\/schema.org\/CreativeWork\" ><div class='avia_textblock'  itemprop=\"text\" ><ul>\n<li>\u00c9quipement de jeu sur mesure<\/li>\n<li>Couture<\/li>\n<li>Impression personnalis\u00e9e<\/li>\n<li>Menuiserie<\/li>\n<li>Fabrication d&rsquo;acier<\/li>\n<\/ul>\n<\/div><\/section><\/div>\n<style type=\"text\/css\" data-created_by=\"avia_inline_auto\" id=\"style-css-av-a7kqw-266e7522025337cb93743ca2892c137e\">\n.flex_column.av-a7kqw-266e7522025337cb93743ca2892c137e{\nborder-radius:0px 0px 0px 0px;\npadding:0px 0px 0px 0px;\n}\n<\/style>\n<div  class='flex_column av-a7kqw-266e7522025337cb93743ca2892c137e av_one_fourth  avia-builder-el-16  el_after_av_one_fourth  el_before_av_one_full  hideit flex_column_div av-hide-on-mobile av-zero-column-padding  column-top-margin'     ><\/div><div class='flex_column_table av-a7kqw-9600063205c2d25754c4d6037030e976 sc-av_one_full av-equal-height-column-flextable'>\n<style type=\"text\/css\" data-created_by=\"avia_inline_auto\" id=\"style-css-av-a7kqw-9600063205c2d25754c4d6037030e976\">\n.flex_column.av-a7kqw-9600063205c2d25754c4d6037030e976{\nborder-radius:0px 0px 0px 0px;\npadding:0px 0px 0px 0px;\n}\n<\/style>\n<div  class='flex_column av-a7kqw-9600063205c2d25754c4d6037030e976 av_one_full  avia-builder-el-17  el_after_av_one_fourth  avia-builder-el-last  first flex_column_table_cell av-equal-height-column av-align-middle av-zero-column-padding  column-top-margin'     ><section  class='av_textblock_section av-klj36iny-287fd26253a594c8b0e455ee82d24436 '   itemscope=\"itemscope\" itemtype=\"https:\/\/schema.org\/CreativeWork\" ><div class='avia_textblock'  itemprop=\"text\" ><blockquote>\n<p>Nous fournissons nos produits \u00e0 toute l\u2019industrie du loisir\u00a0; aux op\u00e9rateurs d\u2019aire de jeux mais \u00e9galement aux autres fournisseurs dans l\u2019industrie.<\/p>\n<\/blockquote>\n<p>Donc, si vous cherchez une \u00e9quipe de professionnels pour votre installation d\u2019aire de jeux int\u00e9rieurs, n&rsquo;h\u00e9sitez pas \u00e0 nous contacter, notre d\u00e9partement de service sera ravi de vous conseiller et vous faire un devis. Vous pouvez les contacter par email en utilisant <a href=\"mailto:play@spiglobalplay.com\">play@spiglobalplay.com<\/a><\/p>\n<\/div><\/section><\/div><\/div><!--close column table wrapper. Autoclose: 1 --><\/div><\/div><\/div><!-- close content main div --><\/div><\/div>\n<style type=\"text\/css\" data-created_by=\"avia_inline_auto\" id=\"style-css-av-k2lptw7b-efe5d9b3a864e68fbe58dd9aca4cf00a\">\n.avia-section.av-k2lptw7b-efe5d9b3a864e68fbe58dd9aca4cf00a{\nbackground-color:#211f1f;\nbackground-image:unset;\n}\n<\/style>\n<div id='customfooter'  class='avia-section av-k2lptw7b-efe5d9b3a864e68fbe58dd9aca4cf00a alternate_color avia-section-large avia-no-border-styling  avia-builder-el-19  el_after_av_section  avia-builder-el-last  thecustomfoot avia-bg-style-scroll container_wrap fullsize'  ><div class='container av-section-cont-open' ><div class='template-page content  av-content-full alpha units'><div class='post-entry post-entry-type-page post-entry-2042'><div class='entry-content-wrapper clearfix'>\n\n<style type=\"text\/css\" data-created_by=\"avia_inline_auto\" id=\"style-css-av-lqu-4d4811447de37c967d01fdaf58d51a30\">\n.flex_column.av-lqu-4d4811447de37c967d01fdaf58d51a30{\nborder-radius:0px 0px 0px 0px;\npadding:0px 0px 0px 0px;\n}\n<\/style>\n<div  class='flex_column av-lqu-4d4811447de37c967d01fdaf58d51a30 av_one_third  avia-builder-el-20  el_before_av_two_third  avia-builder-el-first  first flex_column_div av-animated-generic bottom-to-top av-zero-column-padding  '     ><\/div>\n<style type=\"text\/css\" data-created_by=\"avia_inline_auto\" id=\"style-css-av-3rno-ca3a2df5a879dcc0b3ed268cbe3059c5\">\n.flex_column.av-3rno-ca3a2df5a879dcc0b3ed268cbe3059c5{\nborder-radius:0px 0px 0px 0px;\npadding:0px 0px 0px 0px;\n}\n<\/style>\n<div  class='flex_column av-3rno-ca3a2df5a879dcc0b3ed268cbe3059c5 av_two_third  avia-builder-el-22  el_after_av_one_third  avia-builder-el-last  flex_column_div av-animated-generic bottom-to-top av-zero-column-padding  '     ><\/div>\n<\/p>\n","protected":false},"excerpt":{"rendered":"","protected":false},"author":1,"featured_media":2012,"parent":0,"menu_order":0,"comment_status":"closed","ping_status":"closed","template":"","meta":{"footnotes":""},"class_list":["post-2042","page","type-page","status-publish","has-post-thumbnail","hentry"],"yoast_head":"<!-- This site is optimized with the Yoast SEO plugin v27.4 - https:\/\/yoast.com\/product\/yoast-seo-wordpress\/ -->\n<title>PRODUCTION - Indoor Playground Supplier - SPI Global Play UK<\/title>\n<meta name=\"robots\" content=\"index, follow, max-snippet:-1, max-image-preview:large, max-video-preview:-1\" \/>\n<link rel=\"canonical\" href=\"https:\/\/spiplay.co.uk\/fr\/production\/\" \/>\n<meta property=\"og:locale\" content=\"fr_FR\" \/>\n<meta property=\"og:type\" content=\"article\" \/>\n<meta property=\"og:title\" content=\"PRODUCTION - Indoor Playground Supplier - SPI Global Play UK\" \/>\n<meta property=\"og:url\" content=\"https:\/\/spiplay.co.uk\/fr\/production\/\" \/>\n<meta property=\"og:site_name\" content=\"Indoor Playground Supplier - SPI Global Play UK\" \/>\n<meta property=\"article:modified_time\" content=\"2021-03-25T07:31:31+00:00\" \/>\n<meta property=\"og:image\" content=\"https:\/\/spiplay.co.uk\/wp-content\/uploads\/2019\/11\/Airports.jpg\" \/>\n\t<meta property=\"og:image:width\" content=\"1024\" \/>\n\t<meta property=\"og:image:height\" content=\"768\" \/>\n\t<meta property=\"og:image:type\" content=\"image\/jpeg\" \/>\n<meta name=\"twitter:card\" content=\"summary_large_image\" \/>\n<meta name=\"twitter:label1\" content=\"Dur\u00e9e de lecture estim\u00e9e\" \/>\n\t<meta name=\"twitter:data1\" content=\"12 minutes\" \/>\n<script type=\"application\/ld+json\" class=\"yoast-schema-graph\">{\"@context\":\"https:\\\/\\\/schema.org\",\"@graph\":[{\"@type\":\"WebPage\",\"@id\":\"https:\\\/\\\/spiplay.co.uk\\\/fr\\\/production\\\/\",\"url\":\"https:\\\/\\\/spiplay.co.uk\\\/fr\\\/production\\\/\",\"name\":\"PRODUCTION - Indoor Playground Supplier - SPI Global Play UK\",\"isPartOf\":{\"@id\":\"https:\\\/\\\/spiplay.co.uk\\\/#website\"},\"primaryImageOfPage\":{\"@id\":\"https:\\\/\\\/spiplay.co.uk\\\/fr\\\/production\\\/#primaryimage\"},\"image\":{\"@id\":\"https:\\\/\\\/spiplay.co.uk\\\/fr\\\/production\\\/#primaryimage\"},\"thumbnailUrl\":\"https:\\\/\\\/spiplay.co.uk\\\/wp-content\\\/uploads\\\/2019\\\/11\\\/Airports.jpg\",\"datePublished\":\"2021-03-25T07:31:30+00:00\",\"dateModified\":\"2021-03-25T07:31:31+00:00\",\"inLanguage\":\"fr-FR\",\"potentialAction\":[{\"@type\":\"ReadAction\",\"target\":[\"https:\\\/\\\/spiplay.co.uk\\\/fr\\\/production\\\/\"]}]},{\"@type\":\"ImageObject\",\"inLanguage\":\"fr-FR\",\"@id\":\"https:\\\/\\\/spiplay.co.uk\\\/fr\\\/production\\\/#primaryimage\",\"url\":\"https:\\\/\\\/spiplay.co.uk\\\/wp-content\\\/uploads\\\/2019\\\/11\\\/Airports.jpg\",\"contentUrl\":\"https:\\\/\\\/spiplay.co.uk\\\/wp-content\\\/uploads\\\/2019\\\/11\\\/Airports.jpg\",\"width\":1024,\"height\":768},{\"@type\":\"WebSite\",\"@id\":\"https:\\\/\\\/spiplay.co.uk\\\/#website\",\"url\":\"https:\\\/\\\/spiplay.co.uk\\\/\",\"name\":\"Indoor Playground Supplier - SPI Global Play UK\",\"description\":\"The Number One Indoor Playground Supplier\",\"potentialAction\":[{\"@type\":\"SearchAction\",\"target\":{\"@type\":\"EntryPoint\",\"urlTemplate\":\"https:\\\/\\\/spiplay.co.uk\\\/?s={search_term_string}\"},\"query-input\":{\"@type\":\"PropertyValueSpecification\",\"valueRequired\":true,\"valueName\":\"search_term_string\"}}],\"inLanguage\":\"fr-FR\"}]}<\/script>\n<!-- \/ Yoast SEO plugin. -->","yoast_head_json":{"title":"PRODUCTION - Indoor Playground Supplier - SPI Global Play UK","robots":{"index":"index","follow":"follow","max-snippet":"max-snippet:-1","max-image-preview":"max-image-preview:large","max-video-preview":"max-video-preview:-1"},"canonical":"https:\/\/spiplay.co.uk\/fr\/production\/","og_locale":"fr_FR","og_type":"article","og_title":"PRODUCTION - Indoor Playground Supplier - SPI Global Play UK","og_url":"https:\/\/spiplay.co.uk\/fr\/production\/","og_site_name":"Indoor Playground Supplier - SPI Global Play UK","article_modified_time":"2021-03-25T07:31:31+00:00","og_image":[{"width":1024,"height":768,"url":"https:\/\/spiplay.co.uk\/wp-content\/uploads\/2019\/11\/Airports.jpg","type":"image\/jpeg"}],"twitter_card":"summary_large_image","twitter_misc":{"Dur\u00e9e de lecture estim\u00e9e":"12 minutes"},"schema":{"@context":"https:\/\/schema.org","@graph":[{"@type":"WebPage","@id":"https:\/\/spiplay.co.uk\/fr\/production\/","url":"https:\/\/spiplay.co.uk\/fr\/production\/","name":"PRODUCTION - Indoor Playground Supplier - SPI Global Play UK","isPartOf":{"@id":"https:\/\/spiplay.co.uk\/#website"},"primaryImageOfPage":{"@id":"https:\/\/spiplay.co.uk\/fr\/production\/#primaryimage"},"image":{"@id":"https:\/\/spiplay.co.uk\/fr\/production\/#primaryimage"},"thumbnailUrl":"https:\/\/spiplay.co.uk\/wp-content\/uploads\/2019\/11\/Airports.jpg","datePublished":"2021-03-25T07:31:30+00:00","dateModified":"2021-03-25T07:31:31+00:00","inLanguage":"fr-FR","potentialAction":[{"@type":"ReadAction","target":["https:\/\/spiplay.co.uk\/fr\/production\/"]}]},{"@type":"ImageObject","inLanguage":"fr-FR","@id":"https:\/\/spiplay.co.uk\/fr\/production\/#primaryimage","url":"https:\/\/spiplay.co.uk\/wp-content\/uploads\/2019\/11\/Airports.jpg","contentUrl":"https:\/\/spiplay.co.uk\/wp-content\/uploads\/2019\/11\/Airports.jpg","width":1024,"height":768},{"@type":"WebSite","@id":"https:\/\/spiplay.co.uk\/#website","url":"https:\/\/spiplay.co.uk\/","name":"Indoor Playground Supplier - SPI Global Play UK","description":"The Number One Indoor Playground Supplier","potentialAction":[{"@type":"SearchAction","target":{"@type":"EntryPoint","urlTemplate":"https:\/\/spiplay.co.uk\/?s={search_term_string}"},"query-input":{"@type":"PropertyValueSpecification","valueRequired":true,"valueName":"search_term_string"}}],"inLanguage":"fr-FR"}]}},"_links":{"self":[{"href":"https:\/\/spiplay.co.uk\/fr\/wp-json\/wp\/v2\/pages\/2042","targetHints":{"allow":["GET"]}}],"collection":[{"href":"https:\/\/spiplay.co.uk\/fr\/wp-json\/wp\/v2\/pages"}],"about":[{"href":"https:\/\/spiplay.co.uk\/fr\/wp-json\/wp\/v2\/types\/page"}],"author":[{"embeddable":true,"href":"https:\/\/spiplay.co.uk\/fr\/wp-json\/wp\/v2\/users\/1"}],"replies":[{"embeddable":true,"href":"https:\/\/spiplay.co.uk\/fr\/wp-json\/wp\/v2\/comments?post=2042"}],"version-history":[{"count":2,"href":"https:\/\/spiplay.co.uk\/fr\/wp-json\/wp\/v2\/pages\/2042\/revisions"}],"predecessor-version":[{"id":2048,"href":"https:\/\/spiplay.co.uk\/fr\/wp-json\/wp\/v2\/pages\/2042\/revisions\/2048"}],"wp:featuredmedia":[{"embeddable":true,"href":"https:\/\/spiplay.co.uk\/fr\/wp-json\/wp\/v2\/media\/2012"}],"wp:attachment":[{"href":"https:\/\/spiplay.co.uk\/fr\/wp-json\/wp\/v2\/media?parent=2042"}],"curies":[{"name":"wp","href":"https:\/\/api.w.org\/{rel}","templated":true}]}}