{"id":2049,"date":"2021-03-25T08:35:22","date_gmt":"2021-03-25T07:35:22","guid":{"rendered":"http:\/\/spiplay.co.uk\/prestations-de-service\/"},"modified":"2021-03-25T08:35:23","modified_gmt":"2021-03-25T07:35:23","slug":"prestations-de-service","status":"publish","type":"page","link":"https:\/\/spiplay.co.uk\/fr\/prestations-de-service\/","title":{"rendered":"Prestations de service"},"content":{"rendered":"\n<style type=\"text\/css\" data-created_by=\"avia_inline_auto\" id=\"style-css-av-kisilonh-35471564f3f83a8e8f44103ccf1aab86\">\n.avia-section.av-kisilonh-35471564f3f83a8e8f44103ccf1aab86{\nbackground-repeat:no-repeat;\nbackground-image:url(https:\/\/spiplay.co.uk\/wp-content\/uploads\/2021\/02\/NETTING.jpg);\nbackground-position:50% 50%;\nbackground-attachment:scroll;\n}\n.avia-section.av-kisilonh-35471564f3f83a8e8f44103ccf1aab86 .av-section-color-overlay{\nopacity:0.3;\nbackground-color:#141414;\n}\n<\/style>\n<div id='av_section_1'  class='avia-section av-kisilonh-35471564f3f83a8e8f44103ccf1aab86 main_color avia-section-large avia-no-border-styling  avia-builder-el-0  el_before_av_section  avia-builder-el-first  avia-full-stretch avia-bg-style-scroll av-section-color-overlay-active av-minimum-height av-minimum-height-25 av-height-25  container_wrap fullsize'  data-section-bg-repeat='stretch' data-av_minimum_height_pc='25' data-av_min_height_opt='25'><div class=\"av-section-color-overlay-wrap\"><div class=\"av-section-color-overlay\"><\/div><div class='container av-section-cont-open' ><main  role=\"main\" itemprop=\"mainContentOfPage\"  class='template-page content  av-content-full alpha units'><div class='post-entry post-entry-type-page post-entry-2049'><div class='entry-content-wrapper clearfix'>\n\n<style type=\"text\/css\" data-created_by=\"avia_inline_auto\" id=\"style-css-av-hmgqv-49dbaedfe875d0bc1c8391935ce34af4\">\n.flex_column.av-hmgqv-49dbaedfe875d0bc1c8391935ce34af4{\nborder-radius:0px 0px 0px 0px;\npadding:0px 0px 0px 0px;\n}\n<\/style>\n<div  class='flex_column av-hmgqv-49dbaedfe875d0bc1c8391935ce34af4 av_one_full  avia-builder-el-1  avia-builder-el-no-sibling  first flex_column_div av-zero-column-padding  '     ><style type=\"text\/css\" data-created_by=\"avia_inline_auto\" id=\"style-css-av-klj44caq-2b8633834b09b4237ad6f34598c5dfb0\">\n#top .av-special-heading.av-klj44caq-2b8633834b09b4237ad6f34598c5dfb0{\npadding-bottom:0;\ncolor:#ffffff;\n}\nbody .av-special-heading.av-klj44caq-2b8633834b09b4237ad6f34598c5dfb0 .av-special-heading-tag .heading-char{\nfont-size:25px;\n}\n.av-special-heading.av-klj44caq-2b8633834b09b4237ad6f34598c5dfb0 .special-heading-inner-border{\nborder-color:#ffffff;\n}\n.av-special-heading.av-klj44caq-2b8633834b09b4237ad6f34598c5dfb0 .av-subheading{\nfont-size:15px;\n}\n<\/style>\n<div  class='av-special-heading av-klj44caq-2b8633834b09b4237ad6f34598c5dfb0 av-special-heading-h1 custom-color-heading blockquote modern-quote modern-centered  avia-builder-el-2  avia-builder-el-no-sibling  av-linked-heading'><h1 class='av-special-heading-tag '  itemprop=\"headline\"  >Prestations de service<\/h1><div class=\"special-heading-border\"><div class=\"special-heading-inner-border\"><\/div><\/div><\/div><\/div>\n\n<\/div><\/div><\/main><!-- close content main element --><\/div><\/div><\/div><div id='av_section_2'  class='avia-section av-h9cjs-defcff6abf8ba6cfb795b88905ad100a main_color avia-section-large avia-no-border-styling  avia-builder-el-3  el_after_av_section  el_before_av_section  avia-bg-style-scroll container_wrap fullsize'  ><div class='container av-section-cont-open' ><div class='template-page content  av-content-full alpha units'><div class='post-entry post-entry-type-page post-entry-2049'><div class='entry-content-wrapper clearfix'>\n<div class='flex_column_table av-a7kqw-9600063205c2d25754c4d6037030e976 sc-av_one_full av-equal-height-column-flextable'>\n<style type=\"text\/css\" data-created_by=\"avia_inline_auto\" id=\"style-css-av-a7kqw-9600063205c2d25754c4d6037030e976\">\n.flex_column.av-a7kqw-9600063205c2d25754c4d6037030e976{\nborder-radius:0px 0px 0px 0px;\npadding:0px 0px 0px 0px;\n}\n<\/style>\n<div  class='flex_column av-a7kqw-9600063205c2d25754c4d6037030e976 av_one_full  avia-builder-el-4  el_before_av_one_full  avia-builder-el-first  first flex_column_table_cell av-equal-height-column av-align-middle av-zero-column-padding  '     ><p>\n<style type=\"text\/css\" data-created_by=\"avia_inline_auto\" id=\"style-css-av-4naeps-5f3bf6817dd163d26df7923d9dc1eabb\">\n#top .av-special-heading.av-4naeps-5f3bf6817dd163d26df7923d9dc1eabb{\npadding-bottom:0;\n}\nbody .av-special-heading.av-4naeps-5f3bf6817dd163d26df7923d9dc1eabb .av-special-heading-tag .heading-char{\nfont-size:25px;\n}\n.av-special-heading.av-4naeps-5f3bf6817dd163d26df7923d9dc1eabb .av-subheading{\nfont-size:15px;\n}\n<\/style>\n<div  class='av-special-heading av-4naeps-5f3bf6817dd163d26df7923d9dc1eabb av-special-heading-h2 blockquote modern-quote  avia-builder-el-5  el_before_av_hr  avia-builder-el-first  av-linked-heading'><h2 class='av-special-heading-tag '  itemprop=\"headline\"  >MAINTENANCE ET REMISE \u00c0 NEUF<\/h2><div class=\"special-heading-border\"><div class=\"special-heading-inner-border\"><\/div><\/div><\/div><br \/>\n\n<style type=\"text\/css\" data-created_by=\"avia_inline_auto\" id=\"style-css-av-klj36qjl-e3df0786b174ba8c1ec03914f887c6e4\">\n#top .hr.hr-invisible.av-klj36qjl-e3df0786b174ba8c1ec03914f887c6e4{\nheight:20px;\n}\n<\/style>\n<div  class='hr av-klj36qjl-e3df0786b174ba8c1ec03914f887c6e4 hr-invisible  avia-builder-el-6  el_after_av_heading  el_before_av_textblock '><span class='hr-inner '><span class=\"hr-inner-style\"><\/span><\/span><\/div><br \/>\n<section  class='av_textblock_section av-klj36iny-287fd26253a594c8b0e455ee82d24436 '   itemscope=\"itemscope\" itemtype=\"https:\/\/schema.org\/CreativeWork\" ><div class='avia_textblock'  itemprop=\"text\" ><p>SPI Global Play fournit des \u00e9quipements de jeux d\u2019int\u00e9rieurs depuis plus de 40 ans.  Notre exp\u00e9rience nous permet de maintenir les aires de jeux en parfait \u00e9tat. Nos \u00e9quipes de maintenance et de services sont toujours pr\u00eates et disponibles pour aider nos clients avec une maintenance p\u00e9riodique ou en cas d&rsquo;urgence avec une intervention rapide.<\/p>\n<\/div><\/section><\/p><\/div><\/div><!--close column table wrapper. Autoclose: 1 -->\n<style type=\"text\/css\" data-created_by=\"avia_inline_auto\" id=\"style-css-av-a7kqw-1fbd5680d517efd655a6e4cdcbb68100\">\n.flex_column.av-a7kqw-1fbd5680d517efd655a6e4cdcbb68100{\nborder-radius:0px 0px 0px 0px;\npadding:0 0 0 0;\n}\n<\/style>\n<div  class='flex_column av-a7kqw-1fbd5680d517efd655a6e4cdcbb68100 av_one_full  avia-builder-el-8  el_after_av_one_full  el_before_av_hr  first flex_column_div av-zero-column-padding  column-top-margin'     ><div id='av-masonry-1' class='av-masonry av-klj3ul5x-64aad2de52bc32946339f69c268e2e8c noHover av-fixed-size av-1px-gap av-hover-overlay-active av-masonry-animation-active av-masonry-col-3 av-caption-always av-caption-style- av-masonry-gallery av-medium-columns-overwrite av-medium-columns-3 av-orientation-square ' data-post_id=\"2049\"><div class=\"av-masonry-container isotope av-js-disabled\"><div class='av-masonry-entry isotope-item av-masonry-item-no-image '><\/div><a href=\"https:\/\/spiplay.co.uk\/wp-content\/uploads\/2021\/02\/SPI-VANS.jpg\" data-srcset=\"https:\/\/spiplay.co.uk\/wp-content\/uploads\/2021\/02\/SPI-VANS.jpg 758w, https:\/\/spiplay.co.uk\/wp-content\/uploads\/2021\/02\/SPI-VANS-300x220.jpg 300w, https:\/\/spiplay.co.uk\/wp-content\/uploads\/2021\/02\/SPI-VANS-705x518.jpg 705w\" data-sizes=\"(max-width: 758px) 100vw, 758px\"  aria-label=\"image image sans titre\"  id='av-masonry-1-item-2052' data-av-masonry-item='2052' class='av-masonry-entry isotope-item post-2052 attachment type-attachment status-inherit hentry  av-masonry-item-with-image' title=\"\" alt=\"\"    itemprop=\"thumbnailUrl\" ><div class='av-inner-masonry-sizer'><\/div><figure class='av-inner-masonry main_color'><div class=\"av-masonry-outerimage-container\"><div class='av-masonry-image-container' style=\"background-image: url(https:\/\/spiplay.co.uk\/wp-content\/uploads\/2021\/02\/SPI-VANS-705x518.jpg);\" ><\/div><\/div><\/figure><\/a><!--end av-masonry entry--><a href=\"https:\/\/spiplay.co.uk\/wp-content\/uploads\/2021\/02\/Plastics.2-773x1030.jpg\" data-srcset=\"https:\/\/spiplay.co.uk\/wp-content\/uploads\/2021\/02\/Plastics.2-773x1030.jpg 773w, https:\/\/spiplay.co.uk\/wp-content\/uploads\/2021\/02\/Plastics.2-225x300.jpg 225w, https:\/\/spiplay.co.uk\/wp-content\/uploads\/2021\/02\/Plastics.2-768x1024.jpg 768w, https:\/\/spiplay.co.uk\/wp-content\/uploads\/2021\/02\/Plastics.2-529x705.jpg 529w, https:\/\/spiplay.co.uk\/wp-content\/uploads\/2021\/02\/Plastics.2.jpg 972w\" data-sizes=\"(max-width: 773px) 100vw, 773px\"  aria-label=\"image image sans titre\"  id='av-masonry-1-item-2051' data-av-masonry-item='2051' class='av-masonry-entry isotope-item post-2051 attachment type-attachment status-inherit hentry  av-masonry-item-with-image' title=\"\" alt=\"\"    itemprop=\"thumbnailUrl\" ><div class='av-inner-masonry-sizer'><\/div><figure class='av-inner-masonry main_color'><div class=\"av-masonry-outerimage-container\"><div class='av-masonry-image-container' style=\"background-image: url(https:\/\/spiplay.co.uk\/wp-content\/uploads\/2021\/02\/Plastics.2-529x705.jpg);\" ><\/div><\/div><\/figure><\/a><!--end av-masonry entry--><a href=\"https:\/\/spiplay.co.uk\/wp-content\/uploads\/2021\/02\/NETTING.jpg\" data-srcset=\"https:\/\/spiplay.co.uk\/wp-content\/uploads\/2021\/02\/NETTING.jpg 758w, https:\/\/spiplay.co.uk\/wp-content\/uploads\/2021\/02\/NETTING-300x220.jpg 300w, https:\/\/spiplay.co.uk\/wp-content\/uploads\/2021\/02\/NETTING-705x518.jpg 705w\" data-sizes=\"(max-width: 758px) 100vw, 758px\"  aria-label=\"image image sans titre\"  id='av-masonry-1-item-2050' data-av-masonry-item='2050' class='av-masonry-entry isotope-item post-2050 attachment type-attachment status-inherit hentry  av-masonry-item-with-image' title=\"\" alt=\"\"    itemprop=\"thumbnailUrl\" ><div class='av-inner-masonry-sizer'><\/div><figure class='av-inner-masonry main_color'><div class=\"av-masonry-outerimage-container\"><div class='av-masonry-image-container' style=\"background-image: url(https:\/\/spiplay.co.uk\/wp-content\/uploads\/2021\/02\/NETTING-705x518.jpg);\" ><\/div><\/div><\/figure><\/a><!--end av-masonry entry--><\/div><\/div><\/div>\n<style type=\"text\/css\" data-created_by=\"avia_inline_auto\" id=\"style-css-av-klkvfjvc-2c1892dfccd6ca9d007e143d5f5eca3b\">\n#top .hr.hr-invisible.av-klkvfjvc-2c1892dfccd6ca9d007e143d5f5eca3b{\nheight:20px;\n}\n<\/style>\n<div  class='hr av-klkvfjvc-2c1892dfccd6ca9d007e143d5f5eca3b hr-invisible  avia-builder-el-10  el_after_av_one_full  el_before_av_one_full '><span class='hr-inner '><span class=\"hr-inner-style\"><\/span><\/span><\/div>\n<div class='flex_column_table av-a7kqw-9600063205c2d25754c4d6037030e976 sc-av_one_full av-equal-height-column-flextable'>\n<style type=\"text\/css\" data-created_by=\"avia_inline_auto\" id=\"style-css-av-a7kqw-9600063205c2d25754c4d6037030e976\">\n.flex_column.av-a7kqw-9600063205c2d25754c4d6037030e976{\nborder-radius:0px 0px 0px 0px;\npadding:0px 0px 0px 0px;\n}\n<\/style>\n<div  class='flex_column av-a7kqw-9600063205c2d25754c4d6037030e976 av_one_full  avia-builder-el-11  el_after_av_hr  el_before_av_one_fourth  first flex_column_table_cell av-equal-height-column av-align-middle av-zero-column-padding  '     ><style type=\"text\/css\" data-created_by=\"avia_inline_auto\" id=\"style-css-av-25nllc-169e950bc45e356b798e28295a9c701f\">\n#top .av-special-heading.av-25nllc-169e950bc45e356b798e28295a9c701f{\npadding-bottom:0;\n}\nbody .av-special-heading.av-25nllc-169e950bc45e356b798e28295a9c701f .av-special-heading-tag .heading-char{\nfont-size:25px;\n}\n.av-special-heading.av-25nllc-169e950bc45e356b798e28295a9c701f .av-subheading{\nfont-size:15px;\n}\n<\/style>\n<div  class='av-special-heading av-25nllc-169e950bc45e356b798e28295a9c701f av-special-heading-h3 blockquote modern-quote modern-centered  avia-builder-el-12  avia-builder-el-no-sibling '><h3 class='av-special-heading-tag '  itemprop=\"headline\"  >Nos services de maintenance sont les suivants:<\/h3><div class=\"special-heading-border\"><div class=\"special-heading-inner-border\"><\/div><\/div><\/div><\/div><\/div><!--close column table wrapper. Autoclose: 1 --><div class='flex_column_table av-a7kqw-a8b01d274ea7bc956db7d6f853806a35 sc-av_one_fourth av-equal-height-column-flextable'>\n<style type=\"text\/css\" data-created_by=\"avia_inline_auto\" id=\"style-css-av-a7kqw-a8b01d274ea7bc956db7d6f853806a35\">\n.flex_column.av-a7kqw-a8b01d274ea7bc956db7d6f853806a35{\nborder-radius:0px 0px 0px 0px;\npadding:0px 0px 0px 0px;\n}\n<\/style>\n<div  class='flex_column av-a7kqw-a8b01d274ea7bc956db7d6f853806a35 av_one_fourth  avia-builder-el-13  el_after_av_one_full  el_before_av_one_fourth  hideit first flex_column_table_cell av-equal-height-column av-align-middle av-hide-on-mobile av-zero-column-padding  column-top-margin'     ><\/div><div class='av-flex-placeholder'><\/div>\n<style type=\"text\/css\" data-created_by=\"avia_inline_auto\" id=\"style-css-av-a7kqw-60af77ac6e320f07ea3a6e436d097071\">\n.flex_column.av-a7kqw-60af77ac6e320f07ea3a6e436d097071{\nborder-radius:0px 0px 0px 0px;\npadding:0px 0px 0px 0px;\n}\n<\/style>\n<div  class='flex_column av-a7kqw-60af77ac6e320f07ea3a6e436d097071 av_one_fourth  avia-builder-el-14  el_after_av_one_fourth  el_before_av_one_fourth  flex_column_table_cell av-equal-height-column av-align-middle av-zero-column-padding  column-top-margin'     ><section  class='av_textblock_section av-klj36iny-287fd26253a594c8b0e455ee82d24436 '   itemscope=\"itemscope\" itemtype=\"https:\/\/schema.org\/CreativeWork\" ><div class='avia_textblock'  itemprop=\"text\" ><ul>\n<li>Inspections de l\u2019\u00e9quipement avec un rapport<\/li>\n<li>Services de nettoyage en profondeur<\/li>\n<li>Maintenance p\u00e9riodique<\/li>\n<li>R\u00e9parations d&rsquo;urgence<\/li>\n<li>Remise \u00e0 neuf<\/li>\n<\/ul>\n<\/div><\/section><\/div><div class='av-flex-placeholder'><\/div>\n<style type=\"text\/css\" data-created_by=\"avia_inline_auto\" id=\"style-css-av-a7kqw-60af77ac6e320f07ea3a6e436d097071\">\n.flex_column.av-a7kqw-60af77ac6e320f07ea3a6e436d097071{\nborder-radius:0px 0px 0px 0px;\npadding:0px 0px 0px 0px;\n}\n<\/style>\n<div  class='flex_column av-a7kqw-60af77ac6e320f07ea3a6e436d097071 av_one_fourth  avia-builder-el-16  el_after_av_one_fourth  el_before_av_one_fourth  flex_column_table_cell av-equal-height-column av-align-middle av-zero-column-padding  column-top-margin'     ><section  class='av_textblock_section av-klj36iny-287fd26253a594c8b0e455ee82d24436 '   itemscope=\"itemscope\" itemtype=\"https:\/\/schema.org\/CreativeWork\" ><div class='avia_textblock'  itemprop=\"text\" ><ul>\n<li>Mise \u00e0 niveau<\/li>\n<li>Pi\u00e8ces de rechange<\/li>\n<li>Planification de services de maintenance<\/li>\n<li>Planification de contrats de maintenance pour un groupement de centres de loisirs.<\/li>\n<\/ul>\n<\/div><\/section><\/div><div class='av-flex-placeholder'><\/div>\n<style type=\"text\/css\" data-created_by=\"avia_inline_auto\" id=\"style-css-av-a7kqw-266e7522025337cb93743ca2892c137e\">\n.flex_column.av-a7kqw-266e7522025337cb93743ca2892c137e{\nborder-radius:0px 0px 0px 0px;\npadding:0px 0px 0px 0px;\n}\n<\/style>\n<div  class='flex_column av-a7kqw-266e7522025337cb93743ca2892c137e av_one_fourth  avia-builder-el-18  el_after_av_one_fourth  el_before_av_one_full  hideit flex_column_table_cell av-equal-height-column av-align-middle av-hide-on-mobile av-zero-column-padding  column-top-margin'     ><\/div><\/div><!--close column table wrapper. Autoclose: 1 --><div class='flex_column_table av-a7kqw-9600063205c2d25754c4d6037030e976 sc-av_one_full av-equal-height-column-flextable'>\n<style type=\"text\/css\" data-created_by=\"avia_inline_auto\" id=\"style-css-av-a7kqw-9600063205c2d25754c4d6037030e976\">\n.flex_column.av-a7kqw-9600063205c2d25754c4d6037030e976{\nborder-radius:0px 0px 0px 0px;\npadding:0px 0px 0px 0px;\n}\n<\/style>\n<div  class='flex_column av-a7kqw-9600063205c2d25754c4d6037030e976 av_one_full  avia-builder-el-19  el_after_av_one_fourth  avia-builder-el-last  first flex_column_table_cell av-equal-height-column av-align-middle av-zero-column-padding  column-top-margin'     ><section  class='av_textblock_section av-klj36iny-287fd26253a594c8b0e455ee82d24436 '   itemscope=\"itemscope\" itemtype=\"https:\/\/schema.org\/CreativeWork\" ><div class='avia_textblock'  itemprop=\"text\" ><p>Si vous recherchez une paire de mains s\u00fbres pour prendre en charge les besoins d&rsquo;entretien et de service de votre \u00e9quipement de jeux, veuillez nous contacter. Notre service d&rsquo;entretien et de service se fera un plaisir de vous fournir une assistance ou un devis. Vous pouvez les contacter par email en utilisant <a href=\"mailto:play@spiglobalplay.com\">play@spiglobalplay.com<\/a><\/p>\n<\/div><\/section><\/div><\/div><!--close column table wrapper. Autoclose: 1 --><\/div><\/div><\/div><!-- close content main div --><\/div><\/div>\n<style type=\"text\/css\" data-created_by=\"avia_inline_auto\" id=\"style-css-av-k2lptw7b-efe5d9b3a864e68fbe58dd9aca4cf00a\">\n.avia-section.av-k2lptw7b-efe5d9b3a864e68fbe58dd9aca4cf00a{\nbackground-color:#211f1f;\nbackground-image:unset;\n}\n<\/style>\n<div id='customfooter'  class='avia-section av-k2lptw7b-efe5d9b3a864e68fbe58dd9aca4cf00a alternate_color avia-section-large avia-no-border-styling  avia-builder-el-21  el_after_av_section  avia-builder-el-last  thecustomfoot avia-bg-style-scroll container_wrap fullsize'  ><div class='container av-section-cont-open' ><div class='template-page content  av-content-full alpha units'><div class='post-entry post-entry-type-page post-entry-2049'><div class='entry-content-wrapper clearfix'>\n\n<style type=\"text\/css\" data-created_by=\"avia_inline_auto\" id=\"style-css-av-lqu-4d4811447de37c967d01fdaf58d51a30\">\n.flex_column.av-lqu-4d4811447de37c967d01fdaf58d51a30{\nborder-radius:0px 0px 0px 0px;\npadding:0px 0px 0px 0px;\n}\n<\/style>\n<div  class='flex_column av-lqu-4d4811447de37c967d01fdaf58d51a30 av_one_third  avia-builder-el-22  el_before_av_two_third  avia-builder-el-first  first flex_column_div av-animated-generic bottom-to-top av-zero-column-padding  '     ><\/div>\n<style type=\"text\/css\" data-created_by=\"avia_inline_auto\" id=\"style-css-av-3rno-ca3a2df5a879dcc0b3ed268cbe3059c5\">\n.flex_column.av-3rno-ca3a2df5a879dcc0b3ed268cbe3059c5{\nborder-radius:0px 0px 0px 0px;\npadding:0px 0px 0px 0px;\n}\n<\/style>\n<div  class='flex_column av-3rno-ca3a2df5a879dcc0b3ed268cbe3059c5 av_two_third  avia-builder-el-24  el_after_av_one_third  avia-builder-el-last  flex_column_div av-animated-generic bottom-to-top av-zero-column-padding  '     ><\/div>\n<\/p>\n","protected":false},"excerpt":{"rendered":"","protected":false},"author":1,"featured_media":2012,"parent":0,"menu_order":0,"comment_status":"closed","ping_status":"closed","template":"","meta":{"footnotes":""},"class_list":["post-2049","page","type-page","status-publish","has-post-thumbnail","hentry"],"yoast_head":"<!-- This site is optimized with the Yoast SEO plugin v27.4 - https:\/\/yoast.com\/product\/yoast-seo-wordpress\/ -->\n<title>Prestations de service - Indoor Playground Supplier - SPI Global Play UK<\/title>\n<meta name=\"robots\" content=\"index, follow, max-snippet:-1, max-image-preview:large, max-video-preview:-1\" \/>\n<link rel=\"canonical\" href=\"https:\/\/spiplay.co.uk\/fr\/prestations-de-service\/\" \/>\n<meta property=\"og:locale\" content=\"fr_FR\" \/>\n<meta property=\"og:type\" content=\"article\" \/>\n<meta property=\"og:title\" content=\"Prestations de service - Indoor Playground Supplier - SPI Global Play UK\" \/>\n<meta property=\"og:url\" content=\"https:\/\/spiplay.co.uk\/fr\/prestations-de-service\/\" \/>\n<meta property=\"og:site_name\" content=\"Indoor Playground Supplier - SPI Global Play UK\" \/>\n<meta property=\"article:modified_time\" content=\"2021-03-25T07:35:23+00:00\" \/>\n<meta property=\"og:image\" content=\"https:\/\/spiplay.co.uk\/wp-content\/uploads\/2019\/11\/Airports.jpg\" \/>\n\t<meta property=\"og:image:width\" content=\"1024\" \/>\n\t<meta property=\"og:image:height\" content=\"768\" \/>\n\t<meta property=\"og:image:type\" content=\"image\/jpeg\" \/>\n<meta name=\"twitter:card\" content=\"summary_large_image\" \/>\n<meta name=\"twitter:label1\" content=\"Dur\u00e9e de lecture estim\u00e9e\" \/>\n\t<meta name=\"twitter:data1\" content=\"13 minutes\" \/>\n<script type=\"application\/ld+json\" class=\"yoast-schema-graph\">{\"@context\":\"https:\\\/\\\/schema.org\",\"@graph\":[{\"@type\":\"WebPage\",\"@id\":\"https:\\\/\\\/spiplay.co.uk\\\/fr\\\/prestations-de-service\\\/\",\"url\":\"https:\\\/\\\/spiplay.co.uk\\\/fr\\\/prestations-de-service\\\/\",\"name\":\"Prestations de service - Indoor Playground Supplier - SPI Global Play UK\",\"isPartOf\":{\"@id\":\"https:\\\/\\\/spiplay.co.uk\\\/#website\"},\"primaryImageOfPage\":{\"@id\":\"https:\\\/\\\/spiplay.co.uk\\\/fr\\\/prestations-de-service\\\/#primaryimage\"},\"image\":{\"@id\":\"https:\\\/\\\/spiplay.co.uk\\\/fr\\\/prestations-de-service\\\/#primaryimage\"},\"thumbnailUrl\":\"https:\\\/\\\/spiplay.co.uk\\\/wp-content\\\/uploads\\\/2019\\\/11\\\/Airports.jpg\",\"datePublished\":\"2021-03-25T07:35:22+00:00\",\"dateModified\":\"2021-03-25T07:35:23+00:00\",\"inLanguage\":\"fr-FR\",\"potentialAction\":[{\"@type\":\"ReadAction\",\"target\":[\"https:\\\/\\\/spiplay.co.uk\\\/fr\\\/prestations-de-service\\\/\"]}]},{\"@type\":\"ImageObject\",\"inLanguage\":\"fr-FR\",\"@id\":\"https:\\\/\\\/spiplay.co.uk\\\/fr\\\/prestations-de-service\\\/#primaryimage\",\"url\":\"https:\\\/\\\/spiplay.co.uk\\\/wp-content\\\/uploads\\\/2019\\\/11\\\/Airports.jpg\",\"contentUrl\":\"https:\\\/\\\/spiplay.co.uk\\\/wp-content\\\/uploads\\\/2019\\\/11\\\/Airports.jpg\",\"width\":1024,\"height\":768},{\"@type\":\"WebSite\",\"@id\":\"https:\\\/\\\/spiplay.co.uk\\\/#website\",\"url\":\"https:\\\/\\\/spiplay.co.uk\\\/\",\"name\":\"Indoor Playground Supplier - SPI Global Play UK\",\"description\":\"The Number One Indoor Playground Supplier\",\"potentialAction\":[{\"@type\":\"SearchAction\",\"target\":{\"@type\":\"EntryPoint\",\"urlTemplate\":\"https:\\\/\\\/spiplay.co.uk\\\/?s={search_term_string}\"},\"query-input\":{\"@type\":\"PropertyValueSpecification\",\"valueRequired\":true,\"valueName\":\"search_term_string\"}}],\"inLanguage\":\"fr-FR\"}]}<\/script>\n<!-- \/ Yoast SEO plugin. -->","yoast_head_json":{"title":"Prestations de service - Indoor Playground Supplier - SPI Global Play UK","robots":{"index":"index","follow":"follow","max-snippet":"max-snippet:-1","max-image-preview":"max-image-preview:large","max-video-preview":"max-video-preview:-1"},"canonical":"https:\/\/spiplay.co.uk\/fr\/prestations-de-service\/","og_locale":"fr_FR","og_type":"article","og_title":"Prestations de service - Indoor Playground Supplier - SPI Global Play UK","og_url":"https:\/\/spiplay.co.uk\/fr\/prestations-de-service\/","og_site_name":"Indoor Playground Supplier - SPI Global Play UK","article_modified_time":"2021-03-25T07:35:23+00:00","og_image":[{"width":1024,"height":768,"url":"https:\/\/spiplay.co.uk\/wp-content\/uploads\/2019\/11\/Airports.jpg","type":"image\/jpeg"}],"twitter_card":"summary_large_image","twitter_misc":{"Dur\u00e9e de lecture estim\u00e9e":"13 minutes"},"schema":{"@context":"https:\/\/schema.org","@graph":[{"@type":"WebPage","@id":"https:\/\/spiplay.co.uk\/fr\/prestations-de-service\/","url":"https:\/\/spiplay.co.uk\/fr\/prestations-de-service\/","name":"Prestations de service - Indoor Playground Supplier - SPI Global Play UK","isPartOf":{"@id":"https:\/\/spiplay.co.uk\/#website"},"primaryImageOfPage":{"@id":"https:\/\/spiplay.co.uk\/fr\/prestations-de-service\/#primaryimage"},"image":{"@id":"https:\/\/spiplay.co.uk\/fr\/prestations-de-service\/#primaryimage"},"thumbnailUrl":"https:\/\/spiplay.co.uk\/wp-content\/uploads\/2019\/11\/Airports.jpg","datePublished":"2021-03-25T07:35:22+00:00","dateModified":"2021-03-25T07:35:23+00:00","inLanguage":"fr-FR","potentialAction":[{"@type":"ReadAction","target":["https:\/\/spiplay.co.uk\/fr\/prestations-de-service\/"]}]},{"@type":"ImageObject","inLanguage":"fr-FR","@id":"https:\/\/spiplay.co.uk\/fr\/prestations-de-service\/#primaryimage","url":"https:\/\/spiplay.co.uk\/wp-content\/uploads\/2019\/11\/Airports.jpg","contentUrl":"https:\/\/spiplay.co.uk\/wp-content\/uploads\/2019\/11\/Airports.jpg","width":1024,"height":768},{"@type":"WebSite","@id":"https:\/\/spiplay.co.uk\/#website","url":"https:\/\/spiplay.co.uk\/","name":"Indoor Playground Supplier - SPI Global Play UK","description":"The Number One Indoor Playground Supplier","potentialAction":[{"@type":"SearchAction","target":{"@type":"EntryPoint","urlTemplate":"https:\/\/spiplay.co.uk\/?s={search_term_string}"},"query-input":{"@type":"PropertyValueSpecification","valueRequired":true,"valueName":"search_term_string"}}],"inLanguage":"fr-FR"}]}},"_links":{"self":[{"href":"https:\/\/spiplay.co.uk\/fr\/wp-json\/wp\/v2\/pages\/2049","targetHints":{"allow":["GET"]}}],"collection":[{"href":"https:\/\/spiplay.co.uk\/fr\/wp-json\/wp\/v2\/pages"}],"about":[{"href":"https:\/\/spiplay.co.uk\/fr\/wp-json\/wp\/v2\/types\/page"}],"author":[{"embeddable":true,"href":"https:\/\/spiplay.co.uk\/fr\/wp-json\/wp\/v2\/users\/1"}],"replies":[{"embeddable":true,"href":"https:\/\/spiplay.co.uk\/fr\/wp-json\/wp\/v2\/comments?post=2049"}],"version-history":[{"count":2,"href":"https:\/\/spiplay.co.uk\/fr\/wp-json\/wp\/v2\/pages\/2049\/revisions"}],"predecessor-version":[{"id":2054,"href":"https:\/\/spiplay.co.uk\/fr\/wp-json\/wp\/v2\/pages\/2049\/revisions\/2054"}],"wp:featuredmedia":[{"embeddable":true,"href":"https:\/\/spiplay.co.uk\/fr\/wp-json\/wp\/v2\/media\/2012"}],"wp:attachment":[{"href":"https:\/\/spiplay.co.uk\/fr\/wp-json\/wp\/v2\/media?parent=2049"}],"curies":[{"name":"wp","href":"https:\/\/api.w.org\/{rel}","templated":true}]}}